{"id":5023,"date":"2025-05-05T21:24:52","date_gmt":"2025-05-06T01:24:52","guid":{"rendered":"https:\/\/epbfoyerecole.com\/?post_type=product&#038;p=5023"},"modified":"2025-05-24T09:41:03","modified_gmt":"2025-05-24T13:41:03","slug":"epb-summer-fair-2025","status":"publish","type":"product","link":"https:\/\/epbfoyerecole.com\/fr\/produit\/epb-summer-fair-2025\/","title":{"rendered":"\u00c9PB Foire d'\u00e9t\u00e9 (2025)"},"content":{"rendered":"<p><strong>Vendredi 13 juin<\/strong> entre <strong>17h00 et 20h00<\/strong> c'est le retour de la foire d'\u00e9t\u00e9 !<\/p>\n<p>Il y aura une vari\u00e9t\u00e9 de jeux et d'activit\u00e9s amusants, des pizzas, des boissons, des collations et 2 camion-restaurant.<\/p>\n<p>Veuillez vous inscrire et pr\u00e9payer votre pass famille, vos pizzas et vos billets pour des \u00e9v\u00e9nements amusants \u00e0 l'avance.<\/p>\n<p><span style=\"text-decoration: underline;\"><strong>La vente des billets se termine le 23 mai \u00e0 17 h.<\/strong><\/span><\/p>\n<ul>\n<li>Passe familiale (1 seul requis) \u2013 20 $<\/li>\n<li>Pizza au fromage ou au pepperoni (deux petites tranches) \u2013 5 $<\/li>\n<li>Billets d'\u00e9v\u00e9nement (jeux, activit\u00e9s, collations et boissons) - 1$<\/li>\n<li>2 camions de bouffe (5 $ et 10 $)<\/li>\n<\/ul>\n<p>N'oubliez pas d'apporter vos bouteilles d'eau r\u00e9utilisable.<\/p>\n<p>Si la pizza n'est pas votre truc, le <a href=\"https:\/\/roaminghunger.com\/dilallo-burger\/\">Dilallo Burger<\/a> camion de bouffe sera aussi pr\u00e9sent et <a href=\"https:\/\/leptitcornet.ca\/\">Le P&#8217;tit Cornet<\/a> camion de glaces.<\/p>","protected":false},"excerpt":{"rendered":"<p><strong>Vendredi 13 juin<\/strong> entre <strong>17h00 et 20h00<\/strong> c'est le retour de la foire d'\u00e9t\u00e9 !<\/p>\n<p>Il y aura une vari\u00e9t\u00e9 de jeux et d'activit\u00e9s amusants, des pizzas, des boissons, des collations et 2 camion-restaurant.<\/p>\n<p>Veuillez vous inscrire et pr\u00e9payer votre pass famille, vos pizzas et vos billets pour des \u00e9v\u00e9nements amusants \u00e0 l'avance.<\/p>\n<p><span style=\"text-decoration: underline;\"><strong>La vente des billets se termine le 23 mai \u00e0 17 h.<\/strong><\/span><\/p>\n<ul>\n<li>Passe familiale : 20 $<\/li>\n<li>Pizza (2 tranches) : 5 $<\/li>\n<li>Billets pour l'\u00e9v\u00e9nement : 1 $<\/li>\n<li>2 camions de bouffe (5 $ et 10 $)<\/li>\n<\/ul>\n<p>N'oubliez pas d'apporter vos bouteilles d'eau r\u00e9utilisable.<\/p>\n<p>Si la pizza n'est pas votre truc, le <a href=\"https:\/\/roaminghunger.com\/dilallo-burger\/\">Dilallo Burger<\/a> camion de bouffe sera aussi pr\u00e9sent et <a href=\"https:\/\/leptitcornet.ca\/\">Le P&#8217;tit Cornet<\/a> camion de glaces.<\/p>","protected":false},"featured_media":5018,"template":"","meta":[],"product_brand":[],"product_cat":[33],"product_tag":[],"class_list":{"0":"post-5023","1":"product","2":"type-product","3":"status-publish","4":"has-post-thumbnail","6":"product_cat-summer-fair","7":"wcpa_has_options","9":"first","10":"outofstock","11":"featured","12":"sold-individually","13":"shipping-taxable","14":"purchasable","15":"product-type-composite"},"_links":{"self":[{"href":"https:\/\/epbfoyerecole.com\/fr\/wp-json\/wp\/v2\/product\/5023","targetHints":{"allow":["GET"]}}],"collection":[{"href":"https:\/\/epbfoyerecole.com\/fr\/wp-json\/wp\/v2\/product"}],"about":[{"href":"https:\/\/epbfoyerecole.com\/fr\/wp-json\/wp\/v2\/types\/product"}],"wp:featuredmedia":[{"embeddable":true,"href":"https:\/\/epbfoyerecole.com\/fr\/wp-json\/wp\/v2\/media\/5018"}],"wp:attachment":[{"href":"https:\/\/epbfoyerecole.com\/fr\/wp-json\/wp\/v2\/media?parent=5023"}],"wp:term":[{"taxonomy":"product_brand","embeddable":true,"href":"https:\/\/epbfoyerecole.com\/fr\/wp-json\/wp\/v2\/product_brand?post=5023"},{"taxonomy":"product_cat","embeddable":true,"href":"https:\/\/epbfoyerecole.com\/fr\/wp-json\/wp\/v2\/product_cat?post=5023"},{"taxonomy":"product_tag","embeddable":true,"href":"https:\/\/epbfoyerecole.com\/fr\/wp-json\/wp\/v2\/product_tag?post=5023"}],"curies":[{"name":"wp","href":"https:\/\/api.w.org\/{rel}","templated":true}]}}