{"id":406,"date":"2020-09-02T15:08:46","date_gmt":"2020-09-02T19:08:46","guid":{"rendered":"https:\/\/epbfoyerecole.com\/?post_type=product&#038;p=406"},"modified":"2022-10-06T15:53:11","modified_gmt":"2022-10-06T19:53:11","slug":"membership","status":"publish","type":"product","link":"https:\/\/epbfoyerecole.com\/fr\/produit\/membership\/","title":{"rendered":"Adh\u00e9sion annuelle"},"content":{"rendered":"<p><strong>Votre adh\u00e9sion annuelle vous donne :<\/strong><\/p>\n<div class=\"entry-content\">\n<div class=\"elementor elementor-346\" data-elementor-type=\"wp-page\" data-elementor-id=\"346\" data-elementor-settings=\"[]\">\n<div class=\"elementor-inner\">\n<div class=\"elementor-section-wrap\">\n<section class=\"elementor-section elementor-top-section elementor-element elementor-element-fa06a87 elementor-section-boxed elementor-section-height-default elementor-section-height-default\" data-id=\"fa06a87\" data-element_type=\"section\">\n<div class=\"elementor-container elementor-column-gap-default\">\n<div class=\"elementor-row\">\n<div class=\"elementor-column elementor-col-100 elementor-top-column elementor-element elementor-element-336b8095\" data-id=\"336b8095\" data-element_type=\"column\">\n<div class=\"elementor-column-wrap elementor-element-populated\">\n<div class=\"elementor-widget-wrap\">\n<section class=\"elementor-section elementor-inner-section elementor-element elementor-element-2dc0d30c elementor-section-boxed elementor-section-height-default elementor-section-height-default\" data-id=\"2dc0d30c\" data-element_type=\"section\">\n<div class=\"elementor-container elementor-column-gap-default\">\n<div class=\"elementor-row\">\n<div class=\"elementor-column elementor-col-50 elementor-inner-column elementor-element elementor-element-16bd9dfa\" data-id=\"16bd9dfa\" data-element_type=\"column\">\n<div class=\"elementor-column-wrap elementor-element-populated\">\n<div class=\"elementor-widget-wrap\">\n<div class=\"elementor-element elementor-element-33f37b9 elementor-widget elementor-widget-text-editor\" data-id=\"33f37b9\" data-element_type=\"widget\" data-widget_type=\"text-editor.default\">\n<div class=\"elementor-widget-container\">\n<div class=\"elementor-text-editor elementor-clearfix\">\n<ul>\n<li>L\u2019occasion de voter sur des projets discut\u00e9s lors des r\u00e9unions. Cela comprend le droit de vote sur les collectes de fonds et les activit\u00e9s pr\u00e9vues ainsi que la fa\u00e7on dont les fonds recueillis seront utilis\u00e9s pour les \u00e9l\u00e8ves de \u00c9PB.<\/li>\n<li>Acc\u00e8s \u00e0 un large \u00e9ventail de ressources et d\u2019ateliers qui favorisent l\u2019am\u00e9lioration des comp\u00e9tences sociales et parentales \u00e0 la maison, \u00e0 l\u2019\u00e9cole et dans la communaut\u00e9.<\/li>\n<li>Un abonnement \u00e0\u00a0<a href=\"http:\/\/qfhsa.org\/newsletters.htm\"><strong>Quebec Federation of Home &amp; School (QFHSA) NEWS<\/strong><\/a>publi\u00e9 par la F\u00e9d\u00e9ration des Foyer-\u00e9coles du Qu\u00e9bec depuis 1948, qui c\u00e9l\u00e8bre les contributions, les pr\u00e9occupations et les activit\u00e9s des associations Foyer-\u00e9coles locales au Qu\u00e9bec. (Publi\u00e9 en anglais seulement).<\/li>\n<li>Le privil\u00e8ge de fonctionner en tant qu\u2019organisme ind\u00e9pendant g\u00e9r\u00e9 par des parents b\u00e9n\u00e9voles, avec notre propre compte bancaire et ordre du jour, en collaboration avec le conseil d\u2019\u00e9tablissement et l\u2019administration de notre \u00e9cole et conform\u00e9ment aux lignes directrices de la QFHSA (F\u00e9d\u00e9ration des Foyer-\u00e9coles du Qu\u00e9bec).<\/li>\n<li>\u00a0Les frais de 20$ par famille garantissent notre affiliation \u00e0 la F\u00e9d\u00e9ration des associations foyer-\u00e9cole du Qu\u00e9bec (QFHSA). Gr\u00e2ce \u00e0 celle-ci, nous b\u00e9n\u00e9ficions d\u2019une couverture d\u2019assurance de responsabilit\u00e9 civile pendant nos \u00e9v\u00e9nements.<\/li>\n<\/ul>\n<\/div>\n<\/div>\n<\/div>\n<\/div>\n<\/div>\n<\/div>\n<\/div>\n<\/div>\n<\/section>\n<\/div>\n<\/div>\n<\/div>\n<\/div>\n<\/div>\n<\/section>\n<\/div>\n<\/div>\n<\/div>\n<\/div>\n<p><em><strong>Note:<\/strong> Nous avons l'obligation de fournir cette information \u00e0 la F\u00e9d\u00e9ration des associations foyer-\u00e9cole du Qu\u00e9bec. Toutes les informations personnelles resteront confidentielles.<\/em><\/p>","protected":false},"excerpt":{"rendered":"<p>Sign up for our annual membership and receive all the following benefits: Voting powers at any of our \u00c9PB Home &amp; School meetings. This includes a right to vote on planned fundraisers and activities as well as how raised funds can be used for our \u00c9PB students. Access to a wide range of resources and &#8230; <a title=\"Adh\u00e9sion annuelle\" class=\"read-more\" href=\"https:\/\/epbfoyerecole.com\/fr\/produit\/membership\/\" aria-label=\"Read more about Membership\">Continuer la lecture<\/a><\/p>","protected":false},"featured_media":247,"template":"","meta":[],"product_brand":[],"product_cat":[23],"product_tag":[],"class_list":{"0":"post-406","1":"product","2":"type-product","3":"status-publish","4":"has-post-thumbnail","6":"product_cat-membership","7":"wcpa_has_options","9":"first","10":"instock","11":"virtual","12":"sold-individually","13":"purchasable","14":"product-type-simple"},"_links":{"self":[{"href":"https:\/\/epbfoyerecole.com\/fr\/wp-json\/wp\/v2\/product\/406","targetHints":{"allow":["GET"]}}],"collection":[{"href":"https:\/\/epbfoyerecole.com\/fr\/wp-json\/wp\/v2\/product"}],"about":[{"href":"https:\/\/epbfoyerecole.com\/fr\/wp-json\/wp\/v2\/types\/product"}],"wp:featuredmedia":[{"embeddable":true,"href":"https:\/\/epbfoyerecole.com\/fr\/wp-json\/wp\/v2\/media\/247"}],"wp:attachment":[{"href":"https:\/\/epbfoyerecole.com\/fr\/wp-json\/wp\/v2\/media?parent=406"}],"wp:term":[{"taxonomy":"product_brand","embeddable":true,"href":"https:\/\/epbfoyerecole.com\/fr\/wp-json\/wp\/v2\/product_brand?post=406"},{"taxonomy":"product_cat","embeddable":true,"href":"https:\/\/epbfoyerecole.com\/fr\/wp-json\/wp\/v2\/product_cat?post=406"},{"taxonomy":"product_tag","embeddable":true,"href":"https:\/\/epbfoyerecole.com\/fr\/wp-json\/wp\/v2\/product_tag?post=406"}],"curies":[{"name":"wp","href":"https:\/\/api.w.org\/{rel}","templated":true}]}}