{"id":2009,"date":"2022-01-29T08:19:10","date_gmt":"2022-01-29T13:19:10","guid":{"rendered":"https:\/\/epbfoyerecole.com\/?post_type=product&#038;p=2009"},"modified":"2024-10-01T14:59:35","modified_gmt":"2024-10-01T18:59:35","slug":"epb-stickers","status":"publish","type":"product","link":"https:\/\/epbfoyerecole.com\/fr\/produit\/epb-stickers\/","title":{"rendered":"Autocollants \u00c9PB"},"content":{"rendered":"<p><strong>Autocollants \u00c9PB<\/strong><\/p>\n<p>La premi\u00e8re collection d'autocollants personnalis\u00e9s est arriv\u00e9e !<\/p>\n<p>Pour vos classeurs, bouteilles d'eau, cahiers, skateboard, ordinateurs portables et plus encore !<\/p>\n<p>Cette collection hivernale comprend 7 autocollants individuels d\u00e9coup\u00e9s \u00e0 l'emporte-pi\u00e8ce (deux de 3 pouces, trois de 2,5 pouces et deux de 2 pouces).<\/p>\n<p>Description : autocollant r\u00e9sistant \u00e0 l'eau avec un dos \u00e0 onglet facile \u00e0 d\u00e9coller.<\/p>\n<p>&nbsp;<\/p>","protected":false},"excerpt":{"rendered":"<p><strong>Autocollants \u00c9PB<\/strong><\/p>\n<p>La premi\u00e8re collection d'autocollants personnalis\u00e9s est arriv\u00e9e !<\/p>\n<p>Pour vos classeurs, bouteilles d'eau, cahiers, skateboard, ordinateurs portables et plus encore !<\/p>\n<p>Cette collection hivernale comprend 7 autocollants individuels d\u00e9coup\u00e9s \u00e0 l'emporte-pi\u00e8ce (deux de 3 pouces, trois de 2,5 pouces et deux de 2 pouces).<\/p>\n<p>Description : autocollant r\u00e9sistant \u00e0 l'eau avec un dos \u00e0 onglet facile \u00e0 d\u00e9coller.<\/p>\n<p>&nbsp;<\/p>\n<p>&nbsp;<\/p>\n<p>&nbsp;<\/p>","protected":false},"featured_media":2016,"template":"","meta":[],"product_brand":[],"product_cat":[26],"product_tag":[],"class_list":{"0":"post-2009","1":"product","2":"type-product","3":"status-publish","4":"has-post-thumbnail","6":"product_cat-merchandise","7":"wcpa_has_options","9":"first","10":"instock","11":"featured","12":"shipping-taxable","13":"purchasable","14":"product-type-simple"},"_links":{"self":[{"href":"https:\/\/epbfoyerecole.com\/fr\/wp-json\/wp\/v2\/product\/2009","targetHints":{"allow":["GET"]}}],"collection":[{"href":"https:\/\/epbfoyerecole.com\/fr\/wp-json\/wp\/v2\/product"}],"about":[{"href":"https:\/\/epbfoyerecole.com\/fr\/wp-json\/wp\/v2\/types\/product"}],"wp:featuredmedia":[{"embeddable":true,"href":"https:\/\/epbfoyerecole.com\/fr\/wp-json\/wp\/v2\/media\/2016"}],"wp:attachment":[{"href":"https:\/\/epbfoyerecole.com\/fr\/wp-json\/wp\/v2\/media?parent=2009"}],"wp:term":[{"taxonomy":"product_brand","embeddable":true,"href":"https:\/\/epbfoyerecole.com\/fr\/wp-json\/wp\/v2\/product_brand?post=2009"},{"taxonomy":"product_cat","embeddable":true,"href":"https:\/\/epbfoyerecole.com\/fr\/wp-json\/wp\/v2\/product_cat?post=2009"},{"taxonomy":"product_tag","embeddable":true,"href":"https:\/\/epbfoyerecole.com\/fr\/wp-json\/wp\/v2\/product_tag?post=2009"}],"curies":[{"name":"wp","href":"https:\/\/api.w.org\/{rel}","templated":true}]}}