{"id":645,"date":"2020-09-26T10:24:27","date_gmt":"2020-09-26T14:24:27","guid":{"rendered":"https:\/\/epbfoyerecole.com\/?page_id=645"},"modified":"2021-09-15T10:28:38","modified_gmt":"2021-09-15T14:28:38","slug":"description-class-mother","status":"publish","type":"page","link":"https:\/\/epbfoyerecole.com\/fr\/description-class-mother\/","title":{"rendered":"Marraine de classe - description de t\u00e2che"},"content":{"rendered":"<div data-elementor-type=\"wp-page\" data-elementor-id=\"645\" class=\"elementor elementor-645\">\n\t\t\t\t\t\t<section class=\"elementor-section elementor-top-section elementor-element elementor-element-794935bc elementor-section-boxed elementor-section-height-default elementor-section-height-default\" data-id=\"794935bc\" data-element_type=\"section\" data-e-type=\"section\">\n\t\t\t\t\t\t<div class=\"elementor-container elementor-column-gap-default\">\n\t\t\t\t\t<div class=\"elementor-column elementor-col-100 elementor-top-column elementor-element elementor-element-1ba75739\" data-id=\"1ba75739\" data-element_type=\"column\" data-e-type=\"column\">\n\t\t\t<div class=\"elementor-widget-wrap elementor-element-populated\">\n\t\t\t\t\t\t<section class=\"elementor-section elementor-inner-section elementor-element elementor-element-1bfe61bf elementor-section-boxed elementor-section-height-default elementor-section-height-default\" data-id=\"1bfe61bf\" data-element_type=\"section\" data-e-type=\"section\">\n\t\t\t\t\t\t<div class=\"elementor-container elementor-column-gap-default\">\n\t\t\t\t\t<div class=\"elementor-column elementor-col-50 elementor-inner-column elementor-element elementor-element-7d1ff65f\" data-id=\"7d1ff65f\" data-element_type=\"column\" data-e-type=\"column\">\n\t\t\t<div class=\"elementor-widget-wrap elementor-element-populated\">\n\t\t\t\t\t\t<div class=\"elementor-element elementor-element-4c96a5d4 elementor-widget elementor-widget-text-editor\" data-id=\"4c96a5d4\" data-element_type=\"widget\" data-e-type=\"widget\" data-widget_type=\"text-editor.default\">\n\t\t\t\t<div class=\"elementor-widget-container\">\n\t\t\t\t\t\t\t\t\t<p><strong>Description du r\u00f4le de marraine (ou parrain) de classe<\/strong><\/p><p>Comme marraine (ou parrain) de classe, vous pourriez \u00eatre appel\u00e9 \u00e0 seconder le professeur dans des activit\u00e9s de la classe ou \u00e0 recruter des parents pour le faire. Vous \u00eates aussi un lien entre l\u2019association Foyer-\u00e9cole et les parents de cette classe. La marraine repr\u00e9sente la personne contact entre l\u2019enseignant et les parents de la classe.<\/p><p>Vos t\u00e2ches peuvent varier selon les besoins et pr\u00e9f\u00e9rences de l\u2019enseignant. \u00c0 titre d\u2019exemple, vous pouvez \u00eatre demand\u00e9 de coordonner les g\u00e2teries pour une f\u00eate sp\u00e9ciale organis\u00e9e par l\u2019enseignant, ou bien recruter des parents pour des projets sp\u00e9ciaux en classe. Vous pouvez \u00e9galement assister les parents qui d\u00e9sirent organiser une activit\u00e9 ou un cadeau de groupe.<\/p><p>Vous recevrez la liste de tous les \u00e9l\u00e8ves de votre classe ainsi que les courriels de leurs parents, ceux-ci sont confidentielle. Ensuite, l\u2019association Foyer-\u00e9cole vous pr\u00e9sentera comme marraine (parrain) \/ assistant(e) marraine\/ parrain aux parents de votre classe. \u00a0<\/p><p>Quelques suggestions....<\/p><ul><li>\u00c0 deux, \u00e7a va deux fois mieux ! Nous encourageons la pr\u00e9sence de plusieurs parrains et\/ou marraines par classe.<\/li><li>Veuillez contacter tous les parents de votre classe le plus t\u00f4t possible pour vous pr\u00e9senter et fournir vos coordonn\u00e9es.<\/li><li>Si c'est la premi\u00e8re fois que vous \u00eates un parrain ou une marraine de classe ou si vous \u00eates nouveau \u00e0 l'\u00e9cole, faites-le nous savoir et nous pourrons vous pr\u00e9senter \u00e0 des parents volontaires qui ont d\u00e9j\u00e0 jou\u00e9 ce r\u00f4le. Veuillez nous contacter \u00e0 <a href=\"mailto:epb.foyer.ecole@gmail.com\">foyer.ecole@gmail.com<\/a> et nous vous pr\u00e9senterons !<\/li><li>Si vous d\u00e9cidez d'organiser une collecte pour un cadeau collectif \u00e0 votre professeur en d\u00e9cembre et\/ou en fin d'ann\u00e9e, veuillez en informer les parents le plus t\u00f4t possible afin qu'ils puissent le pr\u00e9voir.<\/li><\/ul><p>Tout votre temps b\u00e9n\u00e9vole profite directement aux enfants et gr\u00e2ce \u00e0 votre implication, l\u2019\u00e9cole primaire Beaconsfield continue d\u2019\u00eatre une \u00e9cole exceptionnelle. Un grand MERCI!<\/p>\t\t\t\t\t\t\t\t<\/div>\n\t\t\t\t<\/div>\n\t\t\t\t\t<\/div>\n\t\t<\/div>\n\t\t\t\t<div class=\"elementor-column elementor-col-50 elementor-inner-column elementor-element elementor-element-4aa199c5\" data-id=\"4aa199c5\" data-element_type=\"column\" data-e-type=\"column\">\n\t\t\t<div class=\"elementor-widget-wrap elementor-element-populated\">\n\t\t\t\t\t\t\t<\/div>\n\t\t<\/div>\n\t\t\t\t\t<\/div>\n\t\t<\/section>\n\t\t\t\t\t<\/div>\n\t\t<\/div>\n\t\t\t\t\t<\/div>\n\t\t<\/section>\n\t\t\t\t<\/div>","protected":false},"excerpt":{"rendered":"<p>What is the role of a Class Mother\/Father? As Class Mother\/Father you could be asked to help the teacher in classroom activities and\/or involve parents to do so.\u00a0 You are also a link between the Home &amp; School Association and the parents of this class.\u00a0 The class mother\/father represents the contact person between the teacher &#8230; <a title=\"Description &#8211; Class Mother\" class=\"read-more\" href=\"https:\/\/epbfoyerecole.com\/fr\/description-class-mother\/\" aria-label=\"Read more about Description &#8211; Class Mother\">Continuer la lecture<\/a><\/p>","protected":false},"author":2,"featured_media":0,"parent":0,"menu_order":0,"comment_status":"closed","ping_status":"closed","template":"","meta":{"footnotes":""},"class_list":["post-645","page","type-page","status-publish"],"_links":{"self":[{"href":"https:\/\/epbfoyerecole.com\/fr\/wp-json\/wp\/v2\/pages\/645","targetHints":{"allow":["GET"]}}],"collection":[{"href":"https:\/\/epbfoyerecole.com\/fr\/wp-json\/wp\/v2\/pages"}],"about":[{"href":"https:\/\/epbfoyerecole.com\/fr\/wp-json\/wp\/v2\/types\/page"}],"author":[{"embeddable":true,"href":"https:\/\/epbfoyerecole.com\/fr\/wp-json\/wp\/v2\/users\/2"}],"replies":[{"embeddable":true,"href":"https:\/\/epbfoyerecole.com\/fr\/wp-json\/wp\/v2\/comments?post=645"}],"version-history":[{"count":7,"href":"https:\/\/epbfoyerecole.com\/fr\/wp-json\/wp\/v2\/pages\/645\/revisions"}],"predecessor-version":[{"id":1412,"href":"https:\/\/epbfoyerecole.com\/fr\/wp-json\/wp\/v2\/pages\/645\/revisions\/1412"}],"wp:attachment":[{"href":"https:\/\/epbfoyerecole.com\/fr\/wp-json\/wp\/v2\/media?parent=645"}],"curies":[{"name":"wp","href":"https:\/\/api.w.org\/{rel}","templated":true}]}}