{"id":3,"date":"2020-08-18T14:01:08","date_gmt":"2020-08-18T14:01:08","guid":{"rendered":"https:\/\/epbfoyerecole.com\/?page_id=3"},"modified":"2020-10-20T18:24:16","modified_gmt":"2020-10-20T22:24:16","slug":"privacy-policy","status":"publish","type":"page","link":"https:\/\/epbfoyerecole.com\/fr\/privacy-policy\/","title":{"rendered":"Politique de confidentialit\u00e9"},"content":{"rendered":"<p>Au Foyer-\u00e9cole \u00c9PB, accessible depuis le site Web https:\/\/epbfoyerecole.com, l\u2019une de nos grandes priorit\u00e9s est la vie priv\u00e9e de nos visiteurs. Cette politique de confidentialit\u00e9 contient les types d\u2019information qui sont recueillies et enregistr\u00e9es par le Foyer-\u00e9cole d\u2019\u00c9PB et comment nous l\u2019utilisons.<\/p>\n\n\n\n<p>Si vous avez des questions suppl\u00e9mentaires ou si vous avez besoin de plus d\u2019informations sur notre Politique de confidentialit\u00e9, n\u2019h\u00e9sitez pas \u00e0 <a href=\"https:\/\/epbfoyerecole.com\/fr\/contact-us\/\" data-type=\"page\" data-id=\"80\">nous contacter<\/a>.<\/p>\n\n\n\n<p>Cette politique de confidentialit\u00e9 ne s\u2019applique qu\u2019\u00e0 nos activit\u00e9s en ligne et est valable pour les visiteurs de notre site Web en ce qui concerne les informations partag\u00e9es et\/ou recueillis par le Foyer-\u00e9cole d\u2019\u00c9PB. Cette politique ne s\u2019applique pas aux informations collect\u00e9es hors ligne ou par des canaux autres que ce site Web.<\/p>\n\n\n\n<h2 class=\"wp-block-heading\">Consentement<\/h2>\n\n\n\n<p>En utilisant notre site Web, vous consentez par la pr\u00e9sente \u00e0 notre Politique de confidentialit\u00e9 et acceptez ses conditions. <\/p>\n\n\n\n<h2 class=\"wp-block-heading\">Informations que nous recueillons<\/h2>\n\n\n\n<p>Les renseignements personnels qu\u2019on vous demande de fournir et les raisons pour lesquelles on vous demande de les fournir vous seront pr\u00e9cis\u00e9s au moment o\u00f9 nous vous demandons de fournir vos renseignements personnels.<\/p>\n\n\n\n<p>Si vous nous contactez directement, nous pouvons recevoir des informations suppl\u00e9mentaires vous concernant telles que votre nom, adresse e-mail, num\u00e9ro de t\u00e9l\u00e9phone, le contenu du message et \/ ou pi\u00e8ces jointes que vous pouvez nous envoyer, et toute autre information que vous pouvez choisir de fournir.<\/p>\n\n\n\n<p>Lorsque vous vous inscrivez \u00e0 un compte, nous pouvons vous demander vos coordonn\u00e9es, y compris des \u00e9l\u00e9ments tels que le nom, le nom de l\u2019entreprise, l\u2019adresse, l\u2019adresse e-mail et le num\u00e9ro de t\u00e9l\u00e9phone.<\/p>\n\n\n\n<h2 class=\"wp-block-heading\">Comment nous utilisons vos informations<\/h2>\n\n\n\n<p>Nous utilisons les informations que nous recueillons de diverses fa\u00e7ons, notamment pour :<\/p>\n\n\n\n<ul class=\"wp-block-list\"><li>Fournir, exploiter et entretenir notre site Web<\/li><li>Am\u00e9liorer, personnaliser et \u00e9voluer notre site Web<\/li><li>Comprendre et analyser comment vous utilisez notre site Web<\/li><li>D\u00e9velopper de nouveaux services et fonctionnalit\u00e9s<\/li><li>Communiquez avec vous, soit directement, soit par l\u2019interm\u00e9diaire d\u2019un de nos partenaires, y compris pour le service \u00e0 la client\u00e8le, pour vous fournir des mises \u00e0 jour et d\u2019autres informations relatives au site Web, ainsi qu\u2019\u00e0 des fins de marketing et de promotion.<\/li><li>Pour vous envoyer des courriels<\/li><li>Identifier et pr\u00e9venir la fraude<\/li><\/ul>\n\n\n\n<h2 class=\"wp-block-heading\">Fichiers journaux<\/h2>\n\n\n\n<p>Le Foyer-\u00e9cole \u00c9PB suit une proc\u00e9dure standard d\u2019utilisation des fichiers journaux. Ces fichiers enregistrent les visiteurs lorsqu\u2019ils visitent des sites Web. Toutes les soci\u00e9t\u00e9s d\u2019h\u00e9bergement le font et font partie de l\u2019analyse des services d\u2019h\u00e9bergement. Les informations recueillies par les fichiers journaux incluent les adresses IP (protocole Internet), le type de navigateur, le fournisseur de services Internet (FAI), le cachet de date et d\u2019heure, les pages de r\u00e9f\u00e9rence\/sortie, et possiblement le nombre de clics. Ceux-ci ne sont pas li\u00e9s \u00e0 des informations qui sont personnellement identifiables. Le but de l\u2019information est d\u2019analyser les tendances, d\u2019administrer le site, de suivre le mouvement des utilisateurs sur le site Web et de recueillir des informations d\u00e9mographiques.<\/p>\n\n\n\n<h2 class=\"wp-block-heading\">Droits de protection des donn\u00e9es GDPR<\/h2>\n\n\n\n<p>Nous tenons \u00e0 nous assurer que vous \u00eates pleinement au courant de tous vos droits de protection des donn\u00e9es. Chaque utilisateur a droit aux \u00e9l\u00e9ments suivants :<\/p>\n\n\n\n<p>Le droit d\u2019acc\u00e8s \u2013 Vous avez le droit de demander des copies de vos donn\u00e9es personnelles. <\/p>\n\n\n\n<p>Le droit \u00e0 la rectification \u2013 Vous avez le droit de demander que nous corrigions toute information que vous croyez inexacte. Vous avez \u00e9galement le droit de demander que nous compl\u00e9tions les informations que vous croyez incompl\u00e8tes.<\/p>\n\n\n\n<p>Le droit d\u2019effacement \u2013 Vous avez le droit de demander que nous effacions vos donn\u00e9es personnelles, sous certaines conditions.<\/p>\n\n\n\n<p>Le droit de restreindre le traitement \u2013 Vous avez le droit de demander que nous restreignions le traitement de vos donn\u00e9es personnelles, sous certaines conditions.<\/p>\n\n\n\n<p>Le droit de s\u2019opposer au traitement \u2013 Vous avez le droit de vous opposer \u00e0 notre traitement de vos donn\u00e9es personnelles, sous certaines conditions.<\/p>\n\n\n\n<p>Le droit \u00e0 la portabilit\u00e9 des donn\u00e9es \u2013 Vous avez le droit de demander que nous transf\u00e9rions les donn\u00e9es que nous avons recueillies \u00e0 une autre organisation, ou directement \u00e0 vous, sous certaines conditions.<\/p>\n\n\n\n<p>Si vous faites une demande, nous avons un mois pour vous r\u00e9pondre. Si vous souhaitez exercer l\u2019un de ces droits, veuillez <a href=\"https:\/\/epbfoyerecole.com\/fr\/contact-us\/\" data-type=\"page\" data-id=\"80\">nous contacter<\/a>.<\/p>\n\n\n\n<h2 class=\"wp-block-heading\">Information sur les enfants<\/h2>\n\n\n\n<p>Une autre partie de notre priorit\u00e9 est d\u2019ajouter une protection pour les enfants tout en utilisant l\u2019Internet. Nous encourageons les parents et les tuteurs \u00e0 observer, \u00e0 participer et\/ou \u00e0 surveiller et \u00e0 guider leur activit\u00e9 en ligne.<\/p>\n\n\n\n<p>Le Foyer-\u00e9cole d'\u00c9PB ne recueille sciemment aucun renseignement personnel identifiable aupr\u00e8s d\u2019enfants de moins de 13 ans. Si vous pensez que votre enfant a fourni ce genre d\u2019information sur notre site Web, nous vous encourageons fortement \u00e0 nous contacter imm\u00e9diatement et nous ferons de notre mieux pour supprimer rapidement ces informations de nos dossiers.<\/p>","protected":false},"excerpt":{"rendered":"<p>At \u00c9PB Foyer \u00c9cole, accessible from https:\/\/epbfoyerecole.com, one of our main priorities is the privacy of our visitors. This Privacy Policy document contains types of information that is collected and recorded by \u00c9PB Foyer \u00c9cole and how we use it. If you have additional questions or require more information about our Privacy Policy, do not &#8230; <a title=\"Politique de confidentialit\u00e9\" class=\"read-more\" href=\"https:\/\/epbfoyerecole.com\/fr\/privacy-policy\/\" aria-label=\"Read more about Privacy Policy\">Continuer la lecture<\/a><\/p>","protected":false},"author":1,"featured_media":0,"parent":0,"menu_order":0,"comment_status":"closed","ping_status":"open","template":"","meta":{"footnotes":""},"class_list":["post-3","page","type-page","status-publish"],"_links":{"self":[{"href":"https:\/\/epbfoyerecole.com\/fr\/wp-json\/wp\/v2\/pages\/3","targetHints":{"allow":["GET"]}}],"collection":[{"href":"https:\/\/epbfoyerecole.com\/fr\/wp-json\/wp\/v2\/pages"}],"about":[{"href":"https:\/\/epbfoyerecole.com\/fr\/wp-json\/wp\/v2\/types\/page"}],"author":[{"embeddable":true,"href":"https:\/\/epbfoyerecole.com\/fr\/wp-json\/wp\/v2\/users\/1"}],"replies":[{"embeddable":true,"href":"https:\/\/epbfoyerecole.com\/fr\/wp-json\/wp\/v2\/comments?post=3"}],"version-history":[{"count":2,"href":"https:\/\/epbfoyerecole.com\/fr\/wp-json\/wp\/v2\/pages\/3\/revisions"}],"predecessor-version":[{"id":791,"href":"https:\/\/epbfoyerecole.com\/fr\/wp-json\/wp\/v2\/pages\/3\/revisions\/791"}],"wp:attachment":[{"href":"https:\/\/epbfoyerecole.com\/fr\/wp-json\/wp\/v2\/media?parent=3"}],"curies":[{"name":"wp","href":"https:\/\/api.w.org\/{rel}","templated":true}]}}