{"id":299,"date":"2020-09-01T18:24:59","date_gmt":"2020-09-01T22:24:59","guid":{"rendered":"https:\/\/epbfoyerecole.com\/?page_id=299"},"modified":"2021-09-15T12:16:11","modified_gmt":"2021-09-15T16:16:11","slug":"help-us","status":"publish","type":"page","link":"https:\/\/epbfoyerecole.com\/fr\/help-us\/","title":{"rendered":"Devenez membre"},"content":{"rendered":"<div data-elementor-type=\"wp-page\" data-elementor-id=\"299\" class=\"elementor elementor-299\">\n\t\t\t\t\t\t<section class=\"elementor-section elementor-top-section elementor-element elementor-element-557b5e0b elementor-section-boxed elementor-section-height-default elementor-section-height-default\" data-id=\"557b5e0b\" data-element_type=\"section\" data-e-type=\"section\">\n\t\t\t\t\t\t<div class=\"elementor-container elementor-column-gap-default\">\n\t\t\t\t\t<div class=\"elementor-column elementor-col-100 elementor-top-column elementor-element elementor-element-280e70e\" data-id=\"280e70e\" data-element_type=\"column\" data-e-type=\"column\">\n\t\t\t<div class=\"elementor-widget-wrap elementor-element-populated\">\n\t\t\t\t\t\t<section class=\"elementor-section elementor-inner-section elementor-element elementor-element-3f2c59df elementor-section-boxed elementor-section-height-default elementor-section-height-default\" data-id=\"3f2c59df\" data-element_type=\"section\" data-e-type=\"section\">\n\t\t\t\t\t\t<div class=\"elementor-container elementor-column-gap-default\">\n\t\t\t\t\t<div class=\"elementor-column elementor-col-50 elementor-inner-column elementor-element elementor-element-44e42b9\" data-id=\"44e42b9\" data-element_type=\"column\" data-e-type=\"column\">\n\t\t\t<div class=\"elementor-widget-wrap elementor-element-populated\">\n\t\t\t\t\t\t<div class=\"elementor-element elementor-element-2233e1bc elementor-widget elementor-widget-text-editor\" data-id=\"2233e1bc\" data-element_type=\"widget\" data-e-type=\"widget\" data-widget_type=\"text-editor.default\">\n\t\t\t\t<div class=\"elementor-widget-container\">\n\t\t\t\t\t\t\t\t\t<p>JOIGNEZ-VOUS \u00c0 NOTRE \u00c9QUIPE!<\/p><p>Joignez-vous \u00e0 nous et aidez-nous \u00e0 am\u00e9liorer les exp\u00e9riences \u00e9ducatives et sociales de tous nos enfants \u00e0 \u00c9PB! Chaque ann\u00e9e, l\u2019association Foyer-\u00e9cole \u00c9PB organise des collectes de fonds et des \u00e9v\u00e9nements amusants dans le but de promouvoir l\u2019esprit scolaire et communautaire. Tous les fonds recueillis sont r\u00e9investis dans l\u2019\u00e9cole pour le bien de nos enfants.<\/p><p><strong>Devenez membre et faites une diff\u00e9rence!<\/strong><\/p><p>Votre adh\u00e9sion vous donne l\u2019occasion de voter sur des projets discut\u00e9s lors des r\u00e9unions. Les frais de<strong> $<\/strong> <strong>20 $\/famille <\/strong>garantissent notre affiliation \u00e0 la <strong>F\u00e9d\u00e9ration des Associations Foyer-\u00e9cole du Qu\u00e9bec (QFHSA).<\/strong>Gr\u00e2ce \u00e0 celle-ci, nous b\u00e9n\u00e9ficions d\u2019une\ncouverture d\u2019assurance de responsabilit\u00e9 civile pendant nos \u00e9v\u00e9nements comme la foire d\u2019\u00e9t\u00e9, f\u00eate des neiges, vente de citrouilles, journ\u00e9es pizza et beaucoup plus !<\/p><p>Pourquoi \u00eatre membre ?<\/p><ul><li>Am\u00e9liorez la qualit\u00e9 de la vie scolaire<\/li><li>Connectez-vous \u00e0 la communaut\u00e9<\/li><li>Exprimez-vous<\/li><li>Soyez \u00e0 l\u2019aff\u00fbt de ce qui se passe \u00e0 \u00c9PB<\/li><\/ul><p><a href=\"https:\/\/epbfoyerecole.com\/fr\/benefits-of-becoming-a-member-of-home-school\/\"><strong><em><u>En savoir plus sur les nombreux avantages de devenir membre de l\u2019Association Foyer-\u00e9cole<\/u><\/em><\/strong><\/a><\/p><p><strong>Pour compl\u00e9ter votre adh\u00e9sion annuelle cette ann\u00e9e,<\/strong> <a href=\"https:\/\/epbfoyerecole.com\/fr\/produit\/membership\/\"><strong>CLIQUEZ ICI<\/strong><\/a> <strong>pour vous inscrire et payer en ligne.<\/strong><\/p>\t\t\t\t\t\t\t\t<\/div>\n\t\t\t\t<\/div>\n\t\t\t\t\t<\/div>\n\t\t<\/div>\n\t\t\t\t<div class=\"elementor-column elementor-col-50 elementor-inner-column elementor-element elementor-element-27ad7f71\" data-id=\"27ad7f71\" data-element_type=\"column\" data-e-type=\"column\">\n\t\t\t<div class=\"elementor-widget-wrap elementor-element-populated\">\n\t\t\t\t\t\t<div class=\"elementor-element elementor-element-1f5ff410 elementor-widget elementor-widget-image\" data-id=\"1f5ff410\" data-element_type=\"widget\" data-e-type=\"widget\" data-widget_type=\"image.default\">\n\t\t\t\t<div class=\"elementor-widget-container\">\n\t\t\t\t\t\t\t\t\t\t\t\t\t\t\t<img fetchpriority=\"high\" decoding=\"async\" width=\"275\" height=\"183\" src=\"https:\/\/epbfoyerecole.com\/wp-content\/uploads\/2020\/09\/volunteers.jpg\" class=\"attachment-medium size-medium wp-image-308\" alt=\"\" \/>\t\t\t\t\t\t\t\t\t\t\t\t\t\t\t<\/div>\n\t\t\t\t<\/div>\n\t\t\t\t\t<\/div>\n\t\t<\/div>\n\t\t\t\t\t<\/div>\n\t\t<\/section>\n\t\t\t\t\t<\/div>\n\t\t<\/div>\n\t\t\t\t\t<\/div>\n\t\t<\/section>\n\t\t\t\t<\/div>","protected":false},"excerpt":{"rendered":"<p>JOIN OUR TEAM! Please join us and help us enhance the educational and social experiences of all our children at \u00c9PB! Each year the \u00c9PB Home &amp; School Association organizes fundraisers and fun events with the purpose of promoting school and community spirit. All funds raised are re-invested back into the school through various projects &#8230; <a title=\"Devenez membre\" class=\"read-more\" href=\"https:\/\/epbfoyerecole.com\/fr\/help-us\/\" aria-label=\"Read more about Become a Member!\">Continuer la lecture<\/a><\/p>","protected":false},"author":2,"featured_media":0,"parent":0,"menu_order":0,"comment_status":"closed","ping_status":"closed","template":"","meta":{"footnotes":""},"class_list":["post-299","page","type-page","status-publish"],"_links":{"self":[{"href":"https:\/\/epbfoyerecole.com\/fr\/wp-json\/wp\/v2\/pages\/299","targetHints":{"allow":["GET"]}}],"collection":[{"href":"https:\/\/epbfoyerecole.com\/fr\/wp-json\/wp\/v2\/pages"}],"about":[{"href":"https:\/\/epbfoyerecole.com\/fr\/wp-json\/wp\/v2\/types\/page"}],"author":[{"embeddable":true,"href":"https:\/\/epbfoyerecole.com\/fr\/wp-json\/wp\/v2\/users\/2"}],"replies":[{"embeddable":true,"href":"https:\/\/epbfoyerecole.com\/fr\/wp-json\/wp\/v2\/comments?post=299"}],"version-history":[{"count":22,"href":"https:\/\/epbfoyerecole.com\/fr\/wp-json\/wp\/v2\/pages\/299\/revisions"}],"predecessor-version":[{"id":1416,"href":"https:\/\/epbfoyerecole.com\/fr\/wp-json\/wp\/v2\/pages\/299\/revisions\/1416"}],"wp:attachment":[{"href":"https:\/\/epbfoyerecole.com\/fr\/wp-json\/wp\/v2\/media?parent=299"}],"curies":[{"name":"wp","href":"https:\/\/api.w.org\/{rel}","templated":true}]}}