{"id":237,"date":"2020-08-26T15:13:17","date_gmt":"2020-08-26T19:13:17","guid":{"rendered":"https:\/\/epbfoyerecole.com\/?page_id=237"},"modified":"2025-05-06T18:20:59","modified_gmt":"2025-05-06T22:20:59","slug":"summer-fair","status":"publish","type":"page","link":"https:\/\/epbfoyerecole.com\/fr\/summer-fair\/","title":{"rendered":"Foire d'\u00e9t\u00e9"},"content":{"rendered":"<div data-elementor-type=\"wp-page\" data-elementor-id=\"237\" class=\"elementor elementor-237\">\n\t\t\t\t\t\t<section class=\"elementor-section elementor-top-section elementor-element elementor-element-7958d604 elementor-section-boxed elementor-section-height-default elementor-section-height-default\" data-id=\"7958d604\" data-element_type=\"section\" data-e-type=\"section\">\n\t\t\t\t\t\t<div class=\"elementor-container elementor-column-gap-default\">\n\t\t\t\t\t<div class=\"elementor-column elementor-col-100 elementor-top-column elementor-element elementor-element-465d9bb3\" data-id=\"465d9bb3\" data-element_type=\"column\" data-e-type=\"column\">\n\t\t\t<div class=\"elementor-widget-wrap elementor-element-populated\">\n\t\t\t\t\t\t<section class=\"elementor-section elementor-inner-section elementor-element elementor-element-3abdc3aa elementor-section-boxed elementor-section-height-default elementor-section-height-default\" data-id=\"3abdc3aa\" data-element_type=\"section\" data-e-type=\"section\">\n\t\t\t\t\t\t<div class=\"elementor-container elementor-column-gap-default\">\n\t\t\t\t\t<div class=\"elementor-column elementor-col-50 elementor-inner-column elementor-element elementor-element-263c1e56\" data-id=\"263c1e56\" data-element_type=\"column\" data-e-type=\"column\">\n\t\t\t<div class=\"elementor-widget-wrap elementor-element-populated\">\n\t\t\t\t\t\t<div class=\"elementor-element elementor-element-6973532c elementor-widget elementor-widget-text-editor\" data-id=\"6973532c\" data-element_type=\"widget\" data-e-type=\"widget\" data-widget_type=\"text-editor.default\">\n\t\t\t\t<div class=\"elementor-widget-container\">\n\t\t\t\t\t\t\t\t\t<p><span style=\"font-weight: 400;\"><img fetchpriority=\"high\" decoding=\"async\" class=\"alignnone wp-image-5018 size-medium\" src=\"https:\/\/epbfoyerecole.com\/wp-content\/uploads\/2025\/05\/Poster-foire-dete-2025-Lower-res-194x300.jpg\" alt=\"\" width=\"194\" height=\"300\" srcset=\"https:\/\/epbfoyerecole.com\/wp-content\/uploads\/2025\/05\/Poster-foire-dete-2025-Lower-res-194x300.jpg 194w, https:\/\/epbfoyerecole.com\/wp-content\/uploads\/2025\/05\/Poster-foire-dete-2025-Lower-res-scaled-150x232.jpg 150w, https:\/\/epbfoyerecole.com\/wp-content\/uploads\/2025\/05\/Poster-foire-dete-2025-Lower-res-scaled-300x464.jpg 300w, https:\/\/epbfoyerecole.com\/wp-content\/uploads\/2025\/05\/Poster-foire-dete-2025-Lower-res-scaled.jpg 1656w\" sizes=\"(max-width: 194px) 100vw, 194px\" \/><\/span><\/p>\n<p><span style=\"font-weight: 400;\">\u00c9v\u00e9nement vedette de chaque fin d\u2019ann\u00e9e, toujours sous un th\u00e8me amusant et ouvert \u00e0 tous les \u00e9l\u00e8ves et leurs familles - gonflables, jeux, maquillage, musique, nourriture et plusieurs g\u00e2teries, c\u2019est un plaisir garanti et une belle fa\u00e7on de souligner la fin de l\u2019ann\u00e9e scolaire et l\u2019arriv\u00e9 de l\u2019\u00e9t\u00e9! <\/span><\/p>\n<p><span style=\"font-weight: 400;\">&nbsp;<a href=\"https:\/\/epbfoyerecole.com\/fr\/produit\/epb-summer-fair-2025\/\">Ticket sales are now OPEN.<\/a><\/span><\/p>\n<p><span style=\"font-weight: 400;\">See you on June 13th!<\/span><\/p>\t\t\t\t\t\t\t\t<\/div>\n\t\t\t\t<\/div>\n\t\t\t\t\t<\/div>\n\t\t<\/div>\n\t\t\t\t<div class=\"elementor-column elementor-col-50 elementor-inner-column elementor-element elementor-element-3b5521a4\" data-id=\"3b5521a4\" data-element_type=\"column\" data-e-type=\"column\">\n\t\t\t<div class=\"elementor-widget-wrap elementor-element-populated\">\n\t\t\t\t\t\t<div class=\"elementor-element elementor-element-63fcd836 elementor-widget elementor-widget-image\" data-id=\"63fcd836\" data-element_type=\"widget\" data-e-type=\"widget\" data-widget_type=\"image.default\">\n\t\t\t\t<div class=\"elementor-widget-container\">\n\t\t\t\t\t\t\t\t\t\t\t\t\t\t\t<img decoding=\"async\" width=\"300\" height=\"225\" src=\"https:\/\/epbfoyerecole.com\/wp-content\/uploads\/2020\/08\/Foire-2-300x225.png\" class=\"attachment-medium size-medium wp-image-141\" alt=\"\" srcset=\"https:\/\/epbfoyerecole.com\/wp-content\/uploads\/2020\/08\/Foire-2-300x225.png 300w, https:\/\/epbfoyerecole.com\/wp-content\/uploads\/2020\/08\/Foire-2.png 512w\" sizes=\"(max-width: 300px) 100vw, 300px\" \/>\t\t\t\t\t\t\t\t\t\t\t\t\t\t\t<\/div>\n\t\t\t\t<\/div>\n\t\t\t\t\t<\/div>\n\t\t<\/div>\n\t\t\t\t\t<\/div>\n\t\t<\/section>\n\t\t\t\t\t<\/div>\n\t\t<\/div>\n\t\t\t\t\t<\/div>\n\t\t<\/section>\n\t\t\t\t<\/div>","protected":false},"excerpt":{"rendered":"<p>Our crown jewel event of the year, featuring inflatables, games, make-up station, food and tons of treats \u2013 a perfect way for kids and their families to celebrate the end of the school year and the arrival of summer! &nbsp;Ticket sales are now OPEN. See you on June 13th!<\/p>","protected":false},"author":2,"featured_media":0,"parent":0,"menu_order":0,"comment_status":"closed","ping_status":"closed","template":"","meta":{"footnotes":""},"class_list":["post-237","page","type-page","status-publish"],"_links":{"self":[{"href":"https:\/\/epbfoyerecole.com\/fr\/wp-json\/wp\/v2\/pages\/237","targetHints":{"allow":["GET"]}}],"collection":[{"href":"https:\/\/epbfoyerecole.com\/fr\/wp-json\/wp\/v2\/pages"}],"about":[{"href":"https:\/\/epbfoyerecole.com\/fr\/wp-json\/wp\/v2\/types\/page"}],"author":[{"embeddable":true,"href":"https:\/\/epbfoyerecole.com\/fr\/wp-json\/wp\/v2\/users\/2"}],"replies":[{"embeddable":true,"href":"https:\/\/epbfoyerecole.com\/fr\/wp-json\/wp\/v2\/comments?post=237"}],"version-history":[{"count":22,"href":"https:\/\/epbfoyerecole.com\/fr\/wp-json\/wp\/v2\/pages\/237\/revisions"}],"predecessor-version":[{"id":5063,"href":"https:\/\/epbfoyerecole.com\/fr\/wp-json\/wp\/v2\/pages\/237\/revisions\/5063"}],"wp:attachment":[{"href":"https:\/\/epbfoyerecole.com\/fr\/wp-json\/wp\/v2\/media?parent=237"}],"curies":[{"name":"wp","href":"https:\/\/api.w.org\/{rel}","templated":true}]}}