{"id":232,"date":"2020-08-26T14:59:54","date_gmt":"2020-08-26T18:59:54","guid":{"rendered":"https:\/\/epbfoyerecole.com\/?page_id=232"},"modified":"2020-09-14T13:06:22","modified_gmt":"2020-09-14T17:06:22","slug":"danse-a-thon","status":"publish","type":"page","link":"https:\/\/epbfoyerecole.com\/fr\/danse-a-thon\/","title":{"rendered":"Danse-o-thon"},"content":{"rendered":"<div data-elementor-type=\"wp-page\" data-elementor-id=\"232\" class=\"elementor elementor-232\">\n\t\t\t\t\t\t<section class=\"elementor-section elementor-top-section elementor-element elementor-element-464e6d05 elementor-section-boxed elementor-section-height-default elementor-section-height-default\" data-id=\"464e6d05\" data-element_type=\"section\" data-e-type=\"section\">\n\t\t\t\t\t\t<div class=\"elementor-container elementor-column-gap-default\">\n\t\t\t\t\t<div class=\"elementor-column elementor-col-100 elementor-top-column elementor-element elementor-element-286836c2\" data-id=\"286836c2\" data-element_type=\"column\" data-e-type=\"column\">\n\t\t\t<div class=\"elementor-widget-wrap elementor-element-populated\">\n\t\t\t\t\t\t<section class=\"elementor-section elementor-inner-section elementor-element elementor-element-6ca5b62e elementor-section-boxed elementor-section-height-default elementor-section-height-default\" data-id=\"6ca5b62e\" data-element_type=\"section\" data-e-type=\"section\">\n\t\t\t\t\t\t<div class=\"elementor-container elementor-column-gap-default\">\n\t\t\t\t\t<div class=\"elementor-column elementor-col-50 elementor-inner-column elementor-element elementor-element-32dad5a1\" data-id=\"32dad5a1\" data-element_type=\"column\" data-e-type=\"column\">\n\t\t\t<div class=\"elementor-widget-wrap elementor-element-populated\">\n\t\t\t\t\t\t<div class=\"elementor-element elementor-element-1b2fa275 elementor-widget elementor-widget-text-editor\" data-id=\"1b2fa275\" data-element_type=\"widget\" data-e-type=\"widget\" data-widget_type=\"text-editor.default\">\n\t\t\t\t<div class=\"elementor-widget-container\">\n\t\t\t\t\t\t\t\t\t<p><span style=\"font-weight: 400;\">Nous avons introduit le danse-o-thon en 2018 afin de promouvoir un mode de vie actif et de recueillir des fonds pour notre \u00e9cole. Le danse-o-thon a lieu pendant la journ\u00e9e scolaire et tous les \u00e9l\u00e8ves participent \u00e0 la danse, dans le style qu\u2019ils choisissent, pendant au moins 20 minutes en continue. Il y a des stations de danse, un animateur de Hip Hop et break dance, et une station d\u2019eau et des tranches d\u2019orange pour hydrater les \u00e9l\u00e8ves avant le retour en classe. L\u2019\u00e9v\u00e9nement se termine par une br\u00e8ve assembl\u00e9e, annon\u00e7ant le montant total recueilli, la destination des fonds et les gagnants des nombreux prix!<\/span><\/p><p><span style=\"font-weight: 400;\">Les fonds du premier danse-o-thon ont servi \u00e0 cr\u00e9er le Programme de r\u00e9ussite des \u00e9l\u00e8ves de l'\u00c9PB. Ce programme aide les \u00e9l\u00e8ves dans le besoin \u00e0 r\u00e9ussir \u00e0 l\u2019\u00e9cole.\u00a0<\/span><\/p>\t\t\t\t\t\t\t\t<\/div>\n\t\t\t\t<\/div>\n\t\t\t\t\t<\/div>\n\t\t<\/div>\n\t\t\t\t<div class=\"elementor-column elementor-col-50 elementor-inner-column elementor-element elementor-element-2d0e33a9\" data-id=\"2d0e33a9\" data-element_type=\"column\" data-e-type=\"column\">\n\t\t\t<div class=\"elementor-widget-wrap elementor-element-populated\">\n\t\t\t\t\t\t<div class=\"elementor-element elementor-element-2be0373e elementor-widget elementor-widget-image\" data-id=\"2be0373e\" data-element_type=\"widget\" data-e-type=\"widget\" data-widget_type=\"image.default\">\n\t\t\t\t<div class=\"elementor-widget-container\">\n\t\t\t\t\t\t\t\t\t\t\t\t\t\t\t<img fetchpriority=\"high\" decoding=\"async\" width=\"300\" height=\"197\" src=\"https:\/\/epbfoyerecole.com\/wp-content\/uploads\/2020\/08\/Danseothon-300x197.png\" class=\"attachment-medium size-medium wp-image-235\" alt=\"\" srcset=\"https:\/\/epbfoyerecole.com\/wp-content\/uploads\/2020\/08\/Danseothon-300x197.png 300w, https:\/\/epbfoyerecole.com\/wp-content\/uploads\/2020\/08\/Danseothon.png 512w\" sizes=\"(max-width: 300px) 100vw, 300px\" \/>\t\t\t\t\t\t\t\t\t\t\t\t\t\t\t<\/div>\n\t\t\t\t<\/div>\n\t\t\t\t\t<\/div>\n\t\t<\/div>\n\t\t\t\t\t<\/div>\n\t\t<\/section>\n\t\t\t\t\t<\/div>\n\t\t<\/div>\n\t\t\t\t\t<\/div>\n\t\t<\/section>\n\t\t\t\t<\/div>","protected":false},"excerpt":{"rendered":"<p>We launched the Dance-a-thon fundraiser in 2018 to promote active, healthy student lifestyles and raise funds for our school. The Dance-a-thon takes place during the school day and all students participate in dancing together, any style they wish! for a minimum of 20 continuous minutes. There are dance stations, a Hip Hop and Break Dance &#8230; <a title=\"Danse-o-thon\" class=\"read-more\" href=\"https:\/\/epbfoyerecole.com\/fr\/danse-a-thon\/\" aria-label=\"Read more about Dance-a-thon\">Continuer la lecture<\/a><\/p>","protected":false},"author":2,"featured_media":0,"parent":0,"menu_order":0,"comment_status":"closed","ping_status":"closed","template":"","meta":{"footnotes":""},"class_list":["post-232","page","type-page","status-publish"],"_links":{"self":[{"href":"https:\/\/epbfoyerecole.com\/fr\/wp-json\/wp\/v2\/pages\/232","targetHints":{"allow":["GET"]}}],"collection":[{"href":"https:\/\/epbfoyerecole.com\/fr\/wp-json\/wp\/v2\/pages"}],"about":[{"href":"https:\/\/epbfoyerecole.com\/fr\/wp-json\/wp\/v2\/types\/page"}],"author":[{"embeddable":true,"href":"https:\/\/epbfoyerecole.com\/fr\/wp-json\/wp\/v2\/users\/2"}],"replies":[{"embeddable":true,"href":"https:\/\/epbfoyerecole.com\/fr\/wp-json\/wp\/v2\/comments?post=232"}],"version-history":[{"count":7,"href":"https:\/\/epbfoyerecole.com\/fr\/wp-json\/wp\/v2\/pages\/232\/revisions"}],"predecessor-version":[{"id":548,"href":"https:\/\/epbfoyerecole.com\/fr\/wp-json\/wp\/v2\/pages\/232\/revisions\/548"}],"wp:attachment":[{"href":"https:\/\/epbfoyerecole.com\/fr\/wp-json\/wp\/v2\/media?parent=232"}],"curies":[{"name":"wp","href":"https:\/\/api.w.org\/{rel}","templated":true}]}}