{"id":227,"date":"2020-08-26T14:54:57","date_gmt":"2020-08-26T18:54:57","guid":{"rendered":"https:\/\/epbfoyerecole.com\/?page_id=227"},"modified":"2020-09-14T13:02:13","modified_gmt":"2020-09-14T17:02:13","slug":"fete-des-neiges","status":"publish","type":"page","link":"https:\/\/epbfoyerecole.com\/fr\/fete-des-neiges\/","title":{"rendered":"F\u00eate des neiges"},"content":{"rendered":"<div data-elementor-type=\"wp-page\" data-elementor-id=\"227\" class=\"elementor elementor-227\">\n\t\t\t\t\t\t<section class=\"elementor-section elementor-top-section elementor-element elementor-element-17851052 elementor-section-boxed elementor-section-height-default elementor-section-height-default\" data-id=\"17851052\" data-element_type=\"section\" data-e-type=\"section\">\n\t\t\t\t\t\t<div class=\"elementor-container elementor-column-gap-default\">\n\t\t\t\t\t<div class=\"elementor-column elementor-col-100 elementor-top-column elementor-element elementor-element-9496b8b\" data-id=\"9496b8b\" data-element_type=\"column\" data-e-type=\"column\">\n\t\t\t<div class=\"elementor-widget-wrap elementor-element-populated\">\n\t\t\t\t\t\t<section class=\"elementor-section elementor-inner-section elementor-element elementor-element-5ae627f4 elementor-section-boxed elementor-section-height-default elementor-section-height-default\" data-id=\"5ae627f4\" data-element_type=\"section\" data-e-type=\"section\">\n\t\t\t\t\t\t<div class=\"elementor-container elementor-column-gap-default\">\n\t\t\t\t\t<div class=\"elementor-column elementor-col-50 elementor-inner-column elementor-element elementor-element-3a4\" data-id=\"3a4\" data-element_type=\"column\" data-e-type=\"column\">\n\t\t\t<div class=\"elementor-widget-wrap elementor-element-populated\">\n\t\t\t\t\t\t<div class=\"elementor-element elementor-element-4b8218bb elementor-widget elementor-widget-text-editor\" data-id=\"4b8218bb\" data-element_type=\"widget\" data-e-type=\"widget\" data-widget_type=\"text-editor.default\">\n\t\t\t\t<div class=\"elementor-widget-container\">\n\t\t\t\t\t\t\t\t\t<p><span style=\"font-weight: 400;\">La F\u00eate des neiges \u00c9PB c\u00e9l\u00e8bre nos mois froids avec une foule d\u2019\u00e9v\u00e9nements d\u2019hiver amusants pour toute la famille ! Chaque ann\u00e9e, nous annon\u00e7ons la programmation d\u2019\u00e9v\u00e9nements, dont au moins l'un d'entre eux est une collecte de fonds. Certains peuvent devenir des traditions, tout en permettant d\u2019introduire de nouvelles activit\u00e9s chaque ann\u00e9e.\u00a0<\/span><\/p><p><span style=\"font-weight: 400;\">Pour la premi\u00e8re ann\u00e9e de la F\u00eate des neiges, nous avons organis\u00e9 deux soir\u00e9es cin\u00e9ma et planifi\u00e9 une soir\u00e9e construction de fort de neige ! Les soir\u00e9es cin\u00e9ma ont eu lieu dans le gymnase de l\u2019\u00e9cole et la soir\u00e9e de construction de fort devait avoir lieu dans notre terrain de jeu de l\u2019\u00e9cole. Imaginez des familles emmitoufl\u00e9es dans leurs combinaisons de neige construisant ensemble un incroyable fort de neige \u2013 en soir\u00e9e ! <\/span><\/p>\t\t\t\t\t\t\t\t<\/div>\n\t\t\t\t<\/div>\n\t\t\t\t\t<\/div>\n\t\t<\/div>\n\t\t\t\t<div class=\"elementor-column elementor-col-50 elementor-inner-column elementor-element elementor-element-28ad36ee\" data-id=\"28ad36ee\" data-element_type=\"column\" data-e-type=\"column\">\n\t\t\t<div class=\"elementor-widget-wrap elementor-element-populated\">\n\t\t\t\t\t\t<div class=\"elementor-element elementor-element-4d77f8a1 elementor-widget elementor-widget-image\" data-id=\"4d77f8a1\" data-element_type=\"widget\" data-e-type=\"widget\" data-widget_type=\"image.default\">\n\t\t\t\t<div class=\"elementor-widget-container\">\n\t\t\t\t\t\t\t\t\t\t\t\t\t\t\t<img fetchpriority=\"high\" decoding=\"async\" width=\"300\" height=\"300\" src=\"https:\/\/epbfoyerecole.com\/wp-content\/uploads\/2020\/08\/Fete-des-neiges-logo-with-cloud-1-300x300.jpg\" class=\"attachment-medium size-medium wp-image-230\" alt=\"\" srcset=\"https:\/\/epbfoyerecole.com\/wp-content\/uploads\/2020\/08\/Fete-des-neiges-logo-with-cloud-1-300x300.jpg 300w, https:\/\/epbfoyerecole.com\/wp-content\/uploads\/2020\/08\/Fete-des-neiges-logo-with-cloud-1-100x100.jpg 100w, https:\/\/epbfoyerecole.com\/wp-content\/uploads\/2020\/08\/Fete-des-neiges-logo-with-cloud-1-600x600.jpg 600w, https:\/\/epbfoyerecole.com\/wp-content\/uploads\/2020\/08\/Fete-des-neiges-logo-with-cloud-1-1024x1024.jpg 1024w, https:\/\/epbfoyerecole.com\/wp-content\/uploads\/2020\/08\/Fete-des-neiges-logo-with-cloud-1-150x150.jpg 150w, https:\/\/epbfoyerecole.com\/wp-content\/uploads\/2020\/08\/Fete-des-neiges-logo-with-cloud-1-768x768.jpg 768w, https:\/\/epbfoyerecole.com\/wp-content\/uploads\/2020\/08\/Fete-des-neiges-logo-with-cloud-1-1536x1536.jpg 1536w, https:\/\/epbfoyerecole.com\/wp-content\/uploads\/2020\/08\/Fete-des-neiges-logo-with-cloud-1.jpg 1800w\" sizes=\"(max-width: 300px) 100vw, 300px\" \/>\t\t\t\t\t\t\t\t\t\t\t\t\t\t\t<\/div>\n\t\t\t\t<\/div>\n\t\t\t\t\t<\/div>\n\t\t<\/div>\n\t\t\t\t\t<\/div>\n\t\t<\/section>\n\t\t\t\t\t<\/div>\n\t\t<\/div>\n\t\t\t\t\t<\/div>\n\t\t<\/section>\n\t\t\t\t<\/div>","protected":false},"excerpt":{"rendered":"<p>F\u00eate des neiges \u00c9PB celebrates our chilly months with a host of fun winter events for all our students and families to enjoy! Each year we announce the line-up of events, at least one is a fundraiser, as we celebrate home, school and community. Some events may become cherished annual events, along with the opportunity &#8230; <a title=\"F\u00eate des neiges\" class=\"read-more\" href=\"https:\/\/epbfoyerecole.com\/fr\/fete-des-neiges\/\" aria-label=\"Read more about F\u00eate des neiges\">Continuer la lecture<\/a><\/p>","protected":false},"author":2,"featured_media":0,"parent":0,"menu_order":0,"comment_status":"closed","ping_status":"closed","template":"","meta":{"footnotes":""},"class_list":["post-227","page","type-page","status-publish"],"_links":{"self":[{"href":"https:\/\/epbfoyerecole.com\/fr\/wp-json\/wp\/v2\/pages\/227","targetHints":{"allow":["GET"]}}],"collection":[{"href":"https:\/\/epbfoyerecole.com\/fr\/wp-json\/wp\/v2\/pages"}],"about":[{"href":"https:\/\/epbfoyerecole.com\/fr\/wp-json\/wp\/v2\/types\/page"}],"author":[{"embeddable":true,"href":"https:\/\/epbfoyerecole.com\/fr\/wp-json\/wp\/v2\/users\/2"}],"replies":[{"embeddable":true,"href":"https:\/\/epbfoyerecole.com\/fr\/wp-json\/wp\/v2\/comments?post=227"}],"version-history":[{"count":5,"href":"https:\/\/epbfoyerecole.com\/fr\/wp-json\/wp\/v2\/pages\/227\/revisions"}],"predecessor-version":[{"id":546,"href":"https:\/\/epbfoyerecole.com\/fr\/wp-json\/wp\/v2\/pages\/227\/revisions\/546"}],"wp:attachment":[{"href":"https:\/\/epbfoyerecole.com\/fr\/wp-json\/wp\/v2\/media?parent=227"}],"curies":[{"name":"wp","href":"https:\/\/api.w.org\/{rel}","templated":true}]}}