{"id":220,"date":"2020-08-25T14:35:58","date_gmt":"2020-08-25T18:35:58","guid":{"rendered":"https:\/\/epbfoyerecole.com\/?page_id=220"},"modified":"2025-01-06T20:55:36","modified_gmt":"2025-01-07T01:55:36","slug":"pizza-days","status":"publish","type":"page","link":"https:\/\/epbfoyerecole.com\/fr\/pizza-days\/","title":{"rendered":"Journ\u00e9es pizza"},"content":{"rendered":"<div data-elementor-type=\"wp-page\" data-elementor-id=\"220\" class=\"elementor elementor-220\">\n\t\t\t\t\t\t<section class=\"elementor-section elementor-top-section elementor-element elementor-element-20ad4d41 elementor-section-boxed elementor-section-height-default elementor-section-height-default\" data-id=\"20ad4d41\" data-element_type=\"section\" data-e-type=\"section\">\n\t\t\t\t\t\t<div class=\"elementor-container elementor-column-gap-default\">\n\t\t\t\t\t<div class=\"elementor-column elementor-col-100 elementor-top-column elementor-element elementor-element-79ef86b9\" data-id=\"79ef86b9\" data-element_type=\"column\" data-e-type=\"column\">\n\t\t\t<div class=\"elementor-widget-wrap elementor-element-populated\">\n\t\t\t\t\t\t<section class=\"elementor-section elementor-inner-section elementor-element elementor-element-7fa42cd0 elementor-section-boxed elementor-section-height-default elementor-section-height-default\" data-id=\"7fa42cd0\" data-element_type=\"section\" data-e-type=\"section\">\n\t\t\t\t\t\t<div class=\"elementor-container elementor-column-gap-default\">\n\t\t\t\t\t<div class=\"elementor-column elementor-col-50 elementor-inner-column elementor-element elementor-element-1487805f\" data-id=\"1487805f\" data-element_type=\"column\" data-e-type=\"column\">\n\t\t\t<div class=\"elementor-widget-wrap elementor-element-populated\">\n\t\t\t\t\t\t<div class=\"elementor-element elementor-element-36e8804c elementor-widget elementor-widget-text-editor\" data-id=\"36e8804c\" data-element_type=\"widget\" data-e-type=\"widget\" data-widget_type=\"text-editor.default\">\n\t\t\t\t<div class=\"elementor-widget-container\">\n\t\t\t\t\t\t\t\t\t<p><span style=\"font-weight: 400;\">L\u2019Association Foyer-\u00e9cole est fi\u00e8re d\u2019organiser chaque ann\u00e9e des journ\u00e9es pizza, offerts deux lundis par mois.<\/span><\/p>\n<p><span style=\"font-weight: 400;\">Le repas comprend :<\/span><\/p>\n<ul>\n<li style=\"font-weight: 400;\"><span style=\"font-weight: 400;\">Une (ou deux) pizza(s) individuelle(s) de 6\" fromage avec sauce aux tomates de chez Domino's Pizza<\/span><\/li>\n<li style=\"font-weight: 400;\"><span style=\"font-weight: 400;\">Une portion de l\u00e9gumes<\/span><\/li>\n<li style=\"font-weight: 400;\"><span style=\"font-weight: 400;\">Un dessert (sans arachides)<\/span><\/li>\n<\/ul>\n<p><span style=\"font-weight: 400;\">Les \u00e9l\u00e8ves doivent apporter un breuvage, si d\u00e9sir\u00e9, et leurs ustensiles.<\/span><\/p>\n<p><span style=\"font-weight: 400;\"><em><strong><a href=\"https:\/\/epbfoyerecole.com\/fr\/produit\/pizza-lunch\/\">CLIQUEZ ICI<\/a><\/strong><\/em> to order your child&#8217;s pizzas online before 5 PM Friday January 24, 2025.<\/span><\/p>\t\t\t\t\t\t\t\t<\/div>\n\t\t\t\t<\/div>\n\t\t\t\t\t<\/div>\n\t\t<\/div>\n\t\t\t\t<div class=\"elementor-column elementor-col-50 elementor-inner-column elementor-element elementor-element-24b0fa92\" data-id=\"24b0fa92\" data-element_type=\"column\" data-e-type=\"column\">\n\t\t\t<div class=\"elementor-widget-wrap elementor-element-populated\">\n\t\t\t\t\t\t<div class=\"elementor-element elementor-element-4519d9b6 elementor-widget elementor-widget-image\" data-id=\"4519d9b6\" data-element_type=\"widget\" data-e-type=\"widget\" data-widget_type=\"image.default\">\n\t\t\t\t<div class=\"elementor-widget-container\">\n\t\t\t\t\t\t\t\t\t\t\t\t\t\t\t<img fetchpriority=\"high\" decoding=\"async\" width=\"300\" height=\"268\" src=\"https:\/\/epbfoyerecole.com\/wp-content\/uploads\/2020\/09\/Pizza-Man--300x268.png\" class=\"attachment-medium size-medium wp-image-560\" alt=\"\" srcset=\"https:\/\/epbfoyerecole.com\/wp-content\/uploads\/2020\/09\/Pizza-Man--300x268.png 300w, https:\/\/epbfoyerecole.com\/wp-content\/uploads\/2020\/09\/Pizza-Man--1024x916.png 1024w, https:\/\/epbfoyerecole.com\/wp-content\/uploads\/2020\/09\/Pizza-Man--768x687.png 768w, https:\/\/epbfoyerecole.com\/wp-content\/uploads\/2020\/09\/Pizza-Man--1536x1374.png 1536w, https:\/\/epbfoyerecole.com\/wp-content\/uploads\/2020\/09\/Pizza-Man--2048x1832.png 2048w, https:\/\/epbfoyerecole.com\/wp-content\/uploads\/2020\/09\/Pizza-Man--24x21.png 24w, https:\/\/epbfoyerecole.com\/wp-content\/uploads\/2020\/09\/Pizza-Man--36x32.png 36w, https:\/\/epbfoyerecole.com\/wp-content\/uploads\/2020\/09\/Pizza-Man--48x43.png 48w, https:\/\/epbfoyerecole.com\/wp-content\/uploads\/2020\/09\/Pizza-Man--600x537.png 600w\" sizes=\"(max-width: 300px) 100vw, 300px\" \/>\t\t\t\t\t\t\t\t\t\t\t\t\t\t\t<\/div>\n\t\t\t\t<\/div>\n\t\t\t\t\t<\/div>\n\t\t<\/div>\n\t\t\t\t\t<\/div>\n\t\t<\/section>\n\t\t\t\t\t<\/div>\n\t\t<\/div>\n\t\t\t\t\t<\/div>\n\t\t<\/section>\n\t\t\t\t<\/div>","protected":false},"excerpt":{"rendered":"<p>The \u00c9PB Home &amp; School Association is proud to offer Pizza Days two Mondays per month. The meal includes: One (or two) 6-inch individual cheese and tomato sauce Domino\u2019s Pizza(s) One portion of vegetables One dessert (without peanuts) Students must bring their own drink and their own utensils. CLICK HERE to order your child&#8217;s pizzas &#8230; <a title=\"Journ\u00e9es pizza\" class=\"read-more\" href=\"https:\/\/epbfoyerecole.com\/fr\/pizza-days\/\" aria-label=\"Read more about Pizza Days\">Continuer la lecture<\/a><\/p>","protected":false},"author":2,"featured_media":0,"parent":0,"menu_order":0,"comment_status":"closed","ping_status":"closed","template":"","meta":{"footnotes":""},"class_list":["post-220","page","type-page","status-publish"],"_links":{"self":[{"href":"https:\/\/epbfoyerecole.com\/fr\/wp-json\/wp\/v2\/pages\/220","targetHints":{"allow":["GET"]}}],"collection":[{"href":"https:\/\/epbfoyerecole.com\/fr\/wp-json\/wp\/v2\/pages"}],"about":[{"href":"https:\/\/epbfoyerecole.com\/fr\/wp-json\/wp\/v2\/types\/page"}],"author":[{"embeddable":true,"href":"https:\/\/epbfoyerecole.com\/fr\/wp-json\/wp\/v2\/users\/2"}],"replies":[{"embeddable":true,"href":"https:\/\/epbfoyerecole.com\/fr\/wp-json\/wp\/v2\/comments?post=220"}],"version-history":[{"count":21,"href":"https:\/\/epbfoyerecole.com\/fr\/wp-json\/wp\/v2\/pages\/220\/revisions"}],"predecessor-version":[{"id":4612,"href":"https:\/\/epbfoyerecole.com\/fr\/wp-json\/wp\/v2\/pages\/220\/revisions\/4612"}],"wp:attachment":[{"href":"https:\/\/epbfoyerecole.com\/fr\/wp-json\/wp\/v2\/media?parent=220"}],"curies":[{"name":"wp","href":"https:\/\/api.w.org\/{rel}","templated":true}]}}