{"id":214,"date":"2020-08-25T14:27:30","date_gmt":"2020-08-25T18:27:30","guid":{"rendered":"https:\/\/epbfoyerecole.com\/?page_id=214"},"modified":"2020-09-14T12:45:51","modified_gmt":"2020-09-14T16:45:51","slug":"lunchtime-enrichment-program","status":"publish","type":"page","link":"https:\/\/epbfoyerecole.com\/fr\/lunchtime-enrichment-program\/","title":{"rendered":"Programme d\u2019enrichissement du midi (PEM)"},"content":{"rendered":"<div data-elementor-type=\"wp-page\" data-elementor-id=\"214\" class=\"elementor elementor-214\">\n\t\t\t\t\t\t<section class=\"elementor-section elementor-top-section elementor-element elementor-element-1d13e6a4 elementor-section-boxed elementor-section-height-default elementor-section-height-default\" data-id=\"1d13e6a4\" data-element_type=\"section\" data-e-type=\"section\">\n\t\t\t\t\t\t<div class=\"elementor-container elementor-column-gap-default\">\n\t\t\t\t\t<div class=\"elementor-column elementor-col-100 elementor-top-column elementor-element elementor-element-39875aab\" data-id=\"39875aab\" data-element_type=\"column\" data-e-type=\"column\">\n\t\t\t<div class=\"elementor-widget-wrap elementor-element-populated\">\n\t\t\t\t\t\t<section class=\"elementor-section elementor-inner-section elementor-element elementor-element-2729fa0b elementor-section-boxed elementor-section-height-default elementor-section-height-default\" data-id=\"2729fa0b\" data-element_type=\"section\" data-e-type=\"section\">\n\t\t\t\t\t\t<div class=\"elementor-container elementor-column-gap-default\">\n\t\t\t\t\t<div class=\"elementor-column elementor-col-50 elementor-inner-column elementor-element elementor-element-195dc65f\" data-id=\"195dc65f\" data-element_type=\"column\" data-e-type=\"column\">\n\t\t\t<div class=\"elementor-widget-wrap elementor-element-populated\">\n\t\t\t\t\t\t<div class=\"elementor-element elementor-element-336efc35 elementor-widget elementor-widget-text-editor\" data-id=\"336efc35\" data-element_type=\"widget\" data-e-type=\"widget\" data-widget_type=\"text-editor.default\">\n\t\t\t\t<div class=\"elementor-widget-container\">\n\t\t\t\t\t\t\t\t\t<p><span style=\"font-weight: 400;\">Enrichissez le d\u00eener de votre enfant! L\u2019association Foyer-\u00e9cole \u00c9PB est heureuse d\u2019offrir le programme d\u2019enrichissement du midi pour tous les \u00e9l\u00e8ves de l\u2019\u00e9cole. De nombreux choix d\u2019activit\u00e9s sont offerts pour les p\u00e9riodes d\u2019automne et d\u2019hiver. Quelques exemples d\u2019activit\u00e9s offertes : danse irlandaise, science, Kin-ball, karat\u00e9, tennis, Gardiens Avertis, Cr\u00e9ations Funky, Hip Hop et Break Dance, poterie, yoga, \u00e9checs, magie, Pok\u00e9mon, Hockey Cosum, ensemble de fl\u00fbtes \u00e0 bec, guitar, jeux de soci\u00e9t\u00e9 et atelier des beaux-arts.<\/span><\/p><p><span style=\"font-weight: 400;\">Nous travaillons constamment \u00e0 varier les activit\u00e9s offertes, tout en respectant les int\u00e9r\u00eats des enfants! Les inscriptions se font en septembre pour la session d\u2019automne et en janvier pour la session d\u2019hiver.\u00a0<\/span><\/p><p><span style=\"font-weight: 400;\">Plus de 70% de nos \u00e9l\u00e8ves participent \u00e0 ce programme chaque ann\u00e9e!<\/span><\/p><p><strong><em>NB - D\u00fb aux circonstances de la pand\u00e9mie et les directives du minist\u00e8re, ce programme sera  report\u00e9 cette ann\u00e9e.<\/em><\/strong><\/p>\t\t\t\t\t\t\t\t<\/div>\n\t\t\t\t<\/div>\n\t\t\t\t\t<\/div>\n\t\t<\/div>\n\t\t\t\t<div class=\"elementor-column elementor-col-50 elementor-inner-column elementor-element elementor-element-3af49431\" data-id=\"3af49431\" data-element_type=\"column\" data-e-type=\"column\">\n\t\t\t<div class=\"elementor-widget-wrap elementor-element-populated\">\n\t\t\t\t\t\t<div class=\"elementor-element elementor-element-2b350b47 elementor-widget elementor-widget-image\" data-id=\"2b350b47\" data-element_type=\"widget\" data-e-type=\"widget\" data-widget_type=\"image.default\">\n\t\t\t\t<div class=\"elementor-widget-container\">\n\t\t\t\t\t\t\t\t\t\t\t\t\t\t\t<img decoding=\"async\" width=\"300\" height=\"91\" src=\"https:\/\/epbfoyerecole.com\/wp-content\/uploads\/2020\/08\/PEM-300x91.jpg\" class=\"attachment-medium size-medium wp-image-217\" alt=\"\" srcset=\"https:\/\/epbfoyerecole.com\/wp-content\/uploads\/2020\/08\/PEM-300x91.jpg 300w, https:\/\/epbfoyerecole.com\/wp-content\/uploads\/2020\/08\/PEM.jpg 512w\" sizes=\"(max-width: 300px) 100vw, 300px\" \/>\t\t\t\t\t\t\t\t\t\t\t\t\t\t\t<\/div>\n\t\t\t\t<\/div>\n\t\t\t\t\t<\/div>\n\t\t<\/div>\n\t\t\t\t\t<\/div>\n\t\t<\/section>\n\t\t\t\t\t<\/div>\n\t\t<\/div>\n\t\t\t\t\t<\/div>\n\t\t<\/section>\n\t\t\t\t<\/div>","protected":false},"excerpt":{"rendered":"<p>Enrich your child&#8217;s lunch! We are pleased to offer the Lunch Enrichment Program for all students. Many choices of activities are offered for the fall and winter sessions. Some examples of activities offered each year: Irish Dance, Science, Kin-ball, Karate, Tennis, Babysitting Course Certification, Funky Creations, Hip Hop and Break Dance, Pottery, Yoga, Chess, Magic, &#8230; <a title=\"Programme d\u2019enrichissement du midi (PEM)\" class=\"read-more\" href=\"https:\/\/epbfoyerecole.com\/fr\/lunchtime-enrichment-program\/\" aria-label=\"Read more about Lunchtime Enrichment Program\">Continuer la lecture<\/a><\/p>","protected":false},"author":2,"featured_media":0,"parent":0,"menu_order":0,"comment_status":"closed","ping_status":"closed","template":"","meta":{"footnotes":""},"class_list":["post-214","page","type-page","status-publish"],"_links":{"self":[{"href":"https:\/\/epbfoyerecole.com\/fr\/wp-json\/wp\/v2\/pages\/214","targetHints":{"allow":["GET"]}}],"collection":[{"href":"https:\/\/epbfoyerecole.com\/fr\/wp-json\/wp\/v2\/pages"}],"about":[{"href":"https:\/\/epbfoyerecole.com\/fr\/wp-json\/wp\/v2\/types\/page"}],"author":[{"embeddable":true,"href":"https:\/\/epbfoyerecole.com\/fr\/wp-json\/wp\/v2\/users\/2"}],"replies":[{"embeddable":true,"href":"https:\/\/epbfoyerecole.com\/fr\/wp-json\/wp\/v2\/comments?post=214"}],"version-history":[{"count":5,"href":"https:\/\/epbfoyerecole.com\/fr\/wp-json\/wp\/v2\/pages\/214\/revisions"}],"predecessor-version":[{"id":540,"href":"https:\/\/epbfoyerecole.com\/fr\/wp-json\/wp\/v2\/pages\/214\/revisions\/540"}],"wp:attachment":[{"href":"https:\/\/epbfoyerecole.com\/fr\/wp-json\/wp\/v2\/media?parent=214"}],"curies":[{"name":"wp","href":"https:\/\/api.w.org\/{rel}","templated":true}]}}