{"id":207,"date":"2020-08-25T13:56:21","date_gmt":"2020-08-25T17:56:21","guid":{"rendered":"https:\/\/epbfoyerecole.com\/?page_id=207"},"modified":"2025-01-06T20:57:05","modified_gmt":"2025-01-07T01:57:05","slug":"tcby","status":"publish","type":"page","link":"https:\/\/epbfoyerecole.com\/fr\/tcby\/","title":{"rendered":"TCBY"},"content":{"rendered":"<div data-elementor-type=\"wp-page\" data-elementor-id=\"207\" class=\"elementor elementor-207\">\n\t\t\t\t\t\t<section class=\"elementor-section elementor-top-section elementor-element elementor-element-26c1de10 elementor-section-boxed elementor-section-height-default elementor-section-height-default\" data-id=\"26c1de10\" data-element_type=\"section\" data-e-type=\"section\">\n\t\t\t\t\t\t<div class=\"elementor-container elementor-column-gap-default\">\n\t\t\t\t\t<div class=\"elementor-column elementor-col-100 elementor-top-column elementor-element elementor-element-6057a0b4\" data-id=\"6057a0b4\" data-element_type=\"column\" data-e-type=\"column\">\n\t\t\t<div class=\"elementor-widget-wrap elementor-element-populated\">\n\t\t\t\t\t\t<section class=\"elementor-section elementor-inner-section elementor-element elementor-element-5e072d22 elementor-section-boxed elementor-section-height-default elementor-section-height-default\" data-id=\"5e072d22\" data-element_type=\"section\" data-e-type=\"section\">\n\t\t\t\t\t\t<div class=\"elementor-container elementor-column-gap-default\">\n\t\t\t\t\t<div class=\"elementor-column elementor-col-50 elementor-inner-column elementor-element elementor-element-191a261b\" data-id=\"191a261b\" data-element_type=\"column\" data-e-type=\"column\">\n\t\t\t<div class=\"elementor-widget-wrap elementor-element-populated\">\n\t\t\t\t\t\t<div class=\"elementor-element elementor-element-54f41a64 elementor-widget elementor-widget-text-editor\" data-id=\"54f41a64\" data-element_type=\"widget\" data-e-type=\"widget\" data-widget_type=\"text-editor.default\">\n\t\t\t\t<div class=\"elementor-widget-container\">\n\t\t\t\t\t\t\t\t\t<p><span style=\"font-weight: 400;\">Les coupes sont vendues aux enfants \u00e0 l'heure du d\u00eener chaque mercredi. Une belle fa\u00e7on d'encourager nos finissants!<\/span><span style=\"font-weight: 400;\"><br><\/span><span style=\"font-weight: 400;\"><br><\/span><span style=\"font-weight: 400;\">Tout ce que vous avez \u00e0 faire est de vous inscrire et de laisser une cuill\u00e8re dans la bo\u00eete \u00e0 lunch de votre enfant.<\/span><span style=\"font-weight: 400;\"><br><\/span><span style=\"font-weight: 400;\"><br><\/span><b>Saveurs disponibles :<\/b><\/p>\n<ul>\n<li style=\"font-weight: 400;\"><span style=\"font-weight: 400;\">Yogourt glac\u00e9e vanille-chocolat<\/span><\/li>\n<li style=\"font-weight: 400;\"><span style=\"font-weight: 400;\">Sorbet \u00e0 l'orange<\/span><\/li>\n<li style=\"font-weight: 400;\"><span style=\"font-weight: 400;\">Sorbet au melon-d'eau<\/span><\/li>\n<li>Et plus !<\/li>\n<\/ul>\n<p><span style=\"font-weight: 400;\">Veuillez noter que les produits sont&nbsp;<\/span><b>sans arachides, sans noix et sans gluten.<\/b><\/p>\n<p><a style=\"font-family: var( --e-global-typography-text-font-family ), Sans-serif; font-weight: var( --e-global-typography-text-font-weight ); background-color: #ffffff;\" href=\"https:\/\/epbfoyerecole.com\/fr\/produit\/tcby-days\/\"><em><strong>CLIQUEZ ICI<\/strong> <\/em><\/a><span style=\"font-family: var( --e-global-typography-text-font-family ), Sans-serif; font-weight: var( --e-global-typography-text-font-weight );\">\u00e0 pr\u00e9commander en ligne <\/span><b style=\"font-family: var( --e-global-typography-text-font-family ), Sans-serif;\">avant <\/b><span style=\"font-family: var( --e-global-typography-text-font-family ), Sans-serif; font-weight: var( --e-global-typography-text-font-weight );\">5 PM Friday January 24, 2025.<\/span><\/p>\t\t\t\t\t\t\t\t<\/div>\n\t\t\t\t<\/div>\n\t\t\t\t\t<\/div>\n\t\t<\/div>\n\t\t\t\t<div class=\"elementor-column elementor-col-50 elementor-inner-column elementor-element elementor-element-2cd0c79\" data-id=\"2cd0c79\" data-element_type=\"column\" data-e-type=\"column\">\n\t\t\t<div class=\"elementor-widget-wrap elementor-element-populated\">\n\t\t\t\t\t\t<div class=\"elementor-element elementor-element-14183c19 elementor-widget elementor-widget-image\" data-id=\"14183c19\" data-element_type=\"widget\" data-e-type=\"widget\" data-widget_type=\"image.default\">\n\t\t\t\t<div class=\"elementor-widget-container\">\n\t\t\t\t\t\t\t\t\t\t\t\t\t\t\t<img decoding=\"async\" width=\"300\" height=\"156\" src=\"https:\/\/epbfoyerecole.com\/wp-content\/uploads\/2020\/08\/TCBY-300x156.png\" class=\"attachment-medium size-medium wp-image-175\" alt=\"\" srcset=\"https:\/\/epbfoyerecole.com\/wp-content\/uploads\/2020\/08\/TCBY-300x156.png 300w, https:\/\/epbfoyerecole.com\/wp-content\/uploads\/2020\/08\/TCBY.png 311w\" sizes=\"(max-width: 300px) 100vw, 300px\" \/>\t\t\t\t\t\t\t\t\t\t\t\t\t\t\t<\/div>\n\t\t\t\t<\/div>\n\t\t\t\t\t<\/div>\n\t\t<\/div>\n\t\t\t\t\t<\/div>\n\t\t<\/section>\n\t\t\t\t\t<\/div>\n\t\t<\/div>\n\t\t\t\t\t<\/div>\n\t\t<\/section>\n\t\t\t\t<\/div>","protected":false},"excerpt":{"rendered":"<p>Individual cups are available for sale to the students every Wednesday at lunchtime. A great way to encourage our graduates! All you have to do is signup and leave a spoon in your child&#8217;s lunch box. Available flavours: Vanilla-chocolate frozen yogurt Orange sorbet Watermelon sorbet And more! Please note that the products are all&nbsp;peanut, nut &#8230; <a title=\"TCBY\" class=\"read-more\" href=\"https:\/\/epbfoyerecole.com\/fr\/tcby\/\" aria-label=\"Read more about TCBY\">Continuer la lecture<\/a><\/p>","protected":false},"author":2,"featured_media":0,"parent":0,"menu_order":0,"comment_status":"closed","ping_status":"closed","template":"","meta":{"footnotes":""},"class_list":["post-207","page","type-page","status-publish"],"_links":{"self":[{"href":"https:\/\/epbfoyerecole.com\/fr\/wp-json\/wp\/v2\/pages\/207","targetHints":{"allow":["GET"]}}],"collection":[{"href":"https:\/\/epbfoyerecole.com\/fr\/wp-json\/wp\/v2\/pages"}],"about":[{"href":"https:\/\/epbfoyerecole.com\/fr\/wp-json\/wp\/v2\/types\/page"}],"author":[{"embeddable":true,"href":"https:\/\/epbfoyerecole.com\/fr\/wp-json\/wp\/v2\/users\/2"}],"replies":[{"embeddable":true,"href":"https:\/\/epbfoyerecole.com\/fr\/wp-json\/wp\/v2\/comments?post=207"}],"version-history":[{"count":45,"href":"https:\/\/epbfoyerecole.com\/fr\/wp-json\/wp\/v2\/pages\/207\/revisions"}],"predecessor-version":[{"id":4615,"href":"https:\/\/epbfoyerecole.com\/fr\/wp-json\/wp\/v2\/pages\/207\/revisions\/4615"}],"wp:attachment":[{"href":"https:\/\/epbfoyerecole.com\/fr\/wp-json\/wp\/v2\/media?parent=207"}],"curies":[{"name":"wp","href":"https:\/\/api.w.org\/{rel}","templated":true}]}}