{"id":164,"date":"2020-08-24T17:50:07","date_gmt":"2020-08-24T21:50:07","guid":{"rendered":"https:\/\/epbfoyerecole.com\/?page_id=164"},"modified":"2023-11-15T09:21:33","modified_gmt":"2023-11-15T14:21:33","slug":"epb-merchandise","status":"publish","type":"page","link":"https:\/\/epbfoyerecole.com\/fr\/epb-merchandise\/","title":{"rendered":"Marchandise \u00c9PB"},"content":{"rendered":"<div data-elementor-type=\"wp-page\" data-elementor-id=\"164\" class=\"elementor elementor-164\">\n\t\t\t\t\t\t<section class=\"elementor-section elementor-top-section elementor-element elementor-element-d1bfc6b elementor-section-boxed elementor-section-height-default elementor-section-height-default\" data-id=\"d1bfc6b\" data-element_type=\"section\" data-e-type=\"section\">\n\t\t\t\t\t\t<div class=\"elementor-container elementor-column-gap-default\">\n\t\t\t\t\t<div class=\"elementor-column elementor-col-100 elementor-top-column elementor-element elementor-element-585f2384\" data-id=\"585f2384\" data-element_type=\"column\" data-e-type=\"column\">\n\t\t\t<div class=\"elementor-widget-wrap elementor-element-populated\">\n\t\t\t\t\t\t<section class=\"elementor-section elementor-inner-section elementor-element elementor-element-7831d94b elementor-section-boxed elementor-section-height-default elementor-section-height-default\" data-id=\"7831d94b\" data-element_type=\"section\" data-e-type=\"section\">\n\t\t\t\t\t\t<div class=\"elementor-container elementor-column-gap-default\">\n\t\t\t\t\t<div class=\"elementor-column elementor-col-50 elementor-inner-column elementor-element elementor-element-3bacb966\" data-id=\"3bacb966\" data-element_type=\"column\" data-e-type=\"column\">\n\t\t\t<div class=\"elementor-widget-wrap elementor-element-populated\">\n\t\t\t\t\t\t<div class=\"elementor-element elementor-element-7cfd58fe elementor-widget elementor-widget-text-editor\" data-id=\"7cfd58fe\" data-element_type=\"widget\" data-e-type=\"widget\" data-widget_type=\"text-editor.default\">\n\t\t\t\t<div class=\"elementor-widget-container\">\n\t\t\t\t\t\t\t\t\t<p><strong><em>Nous sommes heureux d\u2019annoncer la nouvelle collection d\u2019hiver !<\/em><\/strong><\/p><p>Vos articles pr\u00e9f\u00e9r\u00e9s et des nouveaut\u00e9s qui ne manqueront pas de plaire \u00e0 toute la famille et les amis.<\/p><p>La date limite pour les commandes est le <b><u>dimanche 26 novembre \u2013 (la vente se termine \u00e0 17h)<\/u><\/b><\/p><p>De nouveaux articles amusants viennent s'ajouter \u00e0 vos favoris de l'\u00c9PB !\u00a0\u00a0<\/p><p><a href=\"https:\/\/epbfoyerecole.com\/fr\/shop\/\"><span style=\"text-decoration: underline;\"><strong><em>CLIQUEZ ICI<\/em><\/strong><\/span> pour placer votre commande<\/a><\/p><p><em>***Les commandes seront livr\u00e9es \u00e0 la classe de votre enfant pour emporter \u00e0 la maison.***<\/em><\/p>\t\t\t\t\t\t\t\t<\/div>\n\t\t\t\t<\/div>\n\t\t\t\t\t<\/div>\n\t\t<\/div>\n\t\t\t\t<div class=\"elementor-column elementor-col-50 elementor-inner-column elementor-element elementor-element-14a0e7a0\" data-id=\"14a0e7a0\" data-element_type=\"column\" data-e-type=\"column\">\n\t\t\t<div class=\"elementor-widget-wrap elementor-element-populated\">\n\t\t\t\t\t\t<div class=\"elementor-element elementor-element-a011e1e elementor-widget elementor-widget-image\" data-id=\"a011e1e\" data-element_type=\"widget\" data-e-type=\"widget\" data-widget_type=\"image.default\">\n\t\t\t\t<div class=\"elementor-widget-container\">\n\t\t\t\t\t\t\t\t\t\t\t\t\t\t\t\t<a href=\"https:\/\/epbfoyerecole.com\/fr\/shop\/\">\n\t\t\t\t\t\t\t<img fetchpriority=\"high\" decoding=\"async\" width=\"1920\" height=\"1440\" src=\"https:\/\/epbfoyerecole.com\/wp-content\/uploads\/2023\/11\/Landing-page-no-bear-embedded.png\" class=\"attachment-full size-full wp-image-3621\" alt=\"\" srcset=\"https:\/\/epbfoyerecole.com\/wp-content\/uploads\/2023\/11\/Landing-page-no-bear-embedded.png 1920w, https:\/\/epbfoyerecole.com\/wp-content\/uploads\/2023\/11\/Landing-page-no-bear-embedded-150x113.png 150w, https:\/\/epbfoyerecole.com\/wp-content\/uploads\/2023\/11\/Landing-page-no-bear-embedded-300x225.png 300w, https:\/\/epbfoyerecole.com\/wp-content\/uploads\/2023\/11\/Landing-page-no-bear-embedded-1024x768.png 1024w, https:\/\/epbfoyerecole.com\/wp-content\/uploads\/2023\/11\/Landing-page-no-bear-embedded-768x576.png 768w, https:\/\/epbfoyerecole.com\/wp-content\/uploads\/2023\/11\/Landing-page-no-bear-embedded-1536x1152.png 1536w, https:\/\/epbfoyerecole.com\/wp-content\/uploads\/2023\/11\/Landing-page-no-bear-embedded-16x12.png 16w\" sizes=\"(max-width: 1920px) 100vw, 1920px\" \/>\t\t\t\t\t\t\t\t<\/a>\n\t\t\t\t\t\t\t\t\t\t\t\t\t\t\t<\/div>\n\t\t\t\t<\/div>\n\t\t\t\t\t<\/div>\n\t\t<\/div>\n\t\t\t\t\t<\/div>\n\t\t<\/section>\n\t\t\t\t\t<\/div>\n\t\t<\/div>\n\t\t\t\t\t<\/div>\n\t\t<\/section>\n\t\t\t\t<\/div>","protected":false},"excerpt":{"rendered":"<p>We are pleased to announce the cozy winter collection! New items, returning favourites and combo pricing for your whole family &amp; friends. Complete your orders by Sunday Nov 26 &#8211; (Sale closes @5pm) Joining your \u00c9PB favourites are some fun new items!\u00a0\u00a0 CLICK HERE to place your order ***All orders will be delivered to your &#8230; <a title=\"Marchandise \u00c9PB\" class=\"read-more\" href=\"https:\/\/epbfoyerecole.com\/fr\/epb-merchandise\/\" aria-label=\"Read more about \u00c9PB Merchandise\">Continuer la lecture<\/a><\/p>","protected":false},"author":2,"featured_media":0,"parent":0,"menu_order":0,"comment_status":"closed","ping_status":"closed","template":"","meta":{"footnotes":""},"class_list":["post-164","page","type-page","status-publish"],"_links":{"self":[{"href":"https:\/\/epbfoyerecole.com\/fr\/wp-json\/wp\/v2\/pages\/164","targetHints":{"allow":["GET"]}}],"collection":[{"href":"https:\/\/epbfoyerecole.com\/fr\/wp-json\/wp\/v2\/pages"}],"about":[{"href":"https:\/\/epbfoyerecole.com\/fr\/wp-json\/wp\/v2\/types\/page"}],"author":[{"embeddable":true,"href":"https:\/\/epbfoyerecole.com\/fr\/wp-json\/wp\/v2\/users\/2"}],"replies":[{"embeddable":true,"href":"https:\/\/epbfoyerecole.com\/fr\/wp-json\/wp\/v2\/comments?post=164"}],"version-history":[{"count":154,"href":"https:\/\/epbfoyerecole.com\/fr\/wp-json\/wp\/v2\/pages\/164\/revisions"}],"predecessor-version":[{"id":3628,"href":"https:\/\/epbfoyerecole.com\/fr\/wp-json\/wp\/v2\/pages\/164\/revisions\/3628"}],"wp:attachment":[{"href":"https:\/\/epbfoyerecole.com\/fr\/wp-json\/wp\/v2\/media?parent=164"}],"curies":[{"name":"wp","href":"https:\/\/api.w.org\/{rel}","templated":true}]}}