{"id":159,"date":"2020-08-24T17:27:33","date_gmt":"2020-08-24T21:27:33","guid":{"rendered":"https:\/\/epbfoyerecole.com\/?page_id=159"},"modified":"2020-09-14T12:38:54","modified_gmt":"2020-09-14T16:38:54","slug":"catered-meals","status":"publish","type":"page","link":"https:\/\/epbfoyerecole.com\/fr\/catered-meals\/","title":{"rendered":"Repas du traiteur"},"content":{"rendered":"<div data-elementor-type=\"wp-page\" data-elementor-id=\"159\" class=\"elementor elementor-159\">\n\t\t\t\t\t\t<section class=\"elementor-section elementor-top-section elementor-element elementor-element-27ed696 elementor-section-boxed elementor-section-height-default elementor-section-height-default\" data-id=\"27ed696\" data-element_type=\"section\" data-e-type=\"section\">\n\t\t\t\t\t\t<div class=\"elementor-container elementor-column-gap-default\">\n\t\t\t\t\t<div class=\"elementor-column elementor-col-100 elementor-top-column elementor-element elementor-element-7759cc82\" data-id=\"7759cc82\" data-element_type=\"column\" data-e-type=\"column\">\n\t\t\t<div class=\"elementor-widget-wrap elementor-element-populated\">\n\t\t\t\t\t\t<section class=\"elementor-section elementor-inner-section elementor-element elementor-element-23e7d54d elementor-section-boxed elementor-section-height-default elementor-section-height-default\" data-id=\"23e7d54d\" data-element_type=\"section\" data-e-type=\"section\">\n\t\t\t\t\t\t<div class=\"elementor-container elementor-column-gap-default\">\n\t\t\t\t\t<div class=\"elementor-column elementor-col-50 elementor-inner-column elementor-element elementor-element-5298300\" data-id=\"5298300\" data-element_type=\"column\" data-e-type=\"column\">\n\t\t\t<div class=\"elementor-widget-wrap elementor-element-populated\">\n\t\t\t\t\t\t<div class=\"elementor-element elementor-element-168ab1fd elementor-widget elementor-widget-text-editor\" data-id=\"168ab1fd\" data-element_type=\"widget\" data-e-type=\"widget\" data-widget_type=\"text-editor.default\">\n\t\t\t\t<div class=\"elementor-widget-container\">\n\t\t\t\t\t\t\t\t\t<p><span style=\"font-weight: 400;\">L\u2019Association Foyer-\u00e9cole \u00c9PB est heureuse d\u2019offrir encore cette ann\u00e9e le service de traiteur.<\/span><\/p><p><span style=\"font-weight: 400;\">Vous voulez faciliter votre vie? Votre enfant est tann\u00e9 de manger des sandwichs? Nous avons la solution pour vous! Le service de traiteur Merenda permet la commande en ligne de repas chauds selon les journ\u00e9es et le menu qui vous convient. Une belle fa\u00e7on d\u2019offrir des repas sains et \u00e9quilibr\u00e9s \u00e0 votre enfant tout en supportant le Foyer-\u00e9cole!<\/span><\/p><p><span style=\"font-weight: 400;\">Vous pouvez commander en tout temps, tout au long de l\u2019ann\u00e9e. C\u2019est facile! Veuillez suivre les instructions et inscrivez-vous directement en ligne :\u00a0<\/span><a href=\"https:\/\/gmail.us4.list-manage.com\/track\/click?u=8b0709228b90839ceffc18ae2&amp;id=3d6bd191c7&amp;e=3659a0e6ae\"><span style=\"font-weight: 400;\">www.traiteurmerenda.com<\/span><\/a><\/p><p>\u00a0<\/p><p><span style=\"font-weight: 400;\">N\u2019oubliez pas de fournir un breuvage et des ustensiles tous les jours!<\/span><\/p>\t\t\t\t\t\t\t\t<\/div>\n\t\t\t\t<\/div>\n\t\t\t\t\t<\/div>\n\t\t<\/div>\n\t\t\t\t<div class=\"elementor-column elementor-col-50 elementor-inner-column elementor-element elementor-element-4a2679d9\" data-id=\"4a2679d9\" data-element_type=\"column\" data-e-type=\"column\">\n\t\t\t<div class=\"elementor-widget-wrap elementor-element-populated\">\n\t\t\t\t\t\t<div class=\"elementor-element elementor-element-2d055d22 elementor-widget elementor-widget-image\" data-id=\"2d055d22\" data-element_type=\"widget\" data-e-type=\"widget\" data-widget_type=\"image.default\">\n\t\t\t\t<div class=\"elementor-widget-container\">\n\t\t\t\t\t\t\t\t\t\t\t\t\t\t\t<img decoding=\"async\" width=\"300\" height=\"135\" src=\"https:\/\/epbfoyerecole.com\/wp-content\/uploads\/2020\/08\/Merenda-300x135.jpg\" class=\"attachment-medium size-medium wp-image-162\" alt=\"\" srcset=\"https:\/\/epbfoyerecole.com\/wp-content\/uploads\/2020\/08\/Merenda-300x135.jpg 300w, https:\/\/epbfoyerecole.com\/wp-content\/uploads\/2020\/08\/Merenda.jpg 396w\" sizes=\"(max-width: 300px) 100vw, 300px\" \/>\t\t\t\t\t\t\t\t\t\t\t\t\t\t\t<\/div>\n\t\t\t\t<\/div>\n\t\t\t\t\t<\/div>\n\t\t<\/div>\n\t\t\t\t\t<\/div>\n\t\t<\/section>\n\t\t\t\t\t<\/div>\n\t\t<\/div>\n\t\t\t\t\t<\/div>\n\t\t<\/section>\n\t\t\t\t<\/div>","protected":false},"excerpt":{"rendered":"<p>The Home &amp; School Association is happy to offer hot lunches again this year! Are you tired of making lunches every day? We have the solution for you! We are pleased to partner with Merenda Catering services, which allows parents to order hot lunches online on an as-needed basis. You can choose the days and &#8230; <a title=\"Repas du traiteur\" class=\"read-more\" href=\"https:\/\/epbfoyerecole.com\/fr\/catered-meals\/\" aria-label=\"Read more about Hot Lunches\">Continuer la lecture<\/a><\/p>","protected":false},"author":2,"featured_media":0,"parent":0,"menu_order":0,"comment_status":"closed","ping_status":"closed","template":"","meta":{"footnotes":""},"class_list":["post-159","page","type-page","status-publish"],"_links":{"self":[{"href":"https:\/\/epbfoyerecole.com\/fr\/wp-json\/wp\/v2\/pages\/159","targetHints":{"allow":["GET"]}}],"collection":[{"href":"https:\/\/epbfoyerecole.com\/fr\/wp-json\/wp\/v2\/pages"}],"about":[{"href":"https:\/\/epbfoyerecole.com\/fr\/wp-json\/wp\/v2\/types\/page"}],"author":[{"embeddable":true,"href":"https:\/\/epbfoyerecole.com\/fr\/wp-json\/wp\/v2\/users\/2"}],"replies":[{"embeddable":true,"href":"https:\/\/epbfoyerecole.com\/fr\/wp-json\/wp\/v2\/comments?post=159"}],"version-history":[{"count":7,"href":"https:\/\/epbfoyerecole.com\/fr\/wp-json\/wp\/v2\/pages\/159\/revisions"}],"predecessor-version":[{"id":539,"href":"https:\/\/epbfoyerecole.com\/fr\/wp-json\/wp\/v2\/pages\/159\/revisions\/539"}],"wp:attachment":[{"href":"https:\/\/epbfoyerecole.com\/fr\/wp-json\/wp\/v2\/media?parent=159"}],"curies":[{"name":"wp","href":"https:\/\/api.w.org\/{rel}","templated":true}]}}