{"id":133,"date":"2020-08-24T15:39:49","date_gmt":"2020-08-24T19:39:49","guid":{"rendered":"https:\/\/epbfoyerecole.com\/?page_id=133"},"modified":"2020-09-14T12:32:53","modified_gmt":"2020-09-14T16:32:53","slug":"mabels-labels","status":"publish","type":"page","link":"https:\/\/epbfoyerecole.com\/fr\/mabels-labels\/","title":{"rendered":"Mabel&#8217;s Labels"},"content":{"rendered":"<div data-elementor-type=\"wp-page\" data-elementor-id=\"133\" class=\"elementor elementor-133\">\n\t\t\t\t\t\t<section class=\"elementor-section elementor-top-section elementor-element elementor-element-69228a83 elementor-section-boxed elementor-section-height-default elementor-section-height-default\" data-id=\"69228a83\" data-element_type=\"section\" data-e-type=\"section\">\n\t\t\t\t\t\t<div class=\"elementor-container elementor-column-gap-default\">\n\t\t\t\t\t<div class=\"elementor-column elementor-col-100 elementor-top-column elementor-element elementor-element-4cb348ac\" data-id=\"4cb348ac\" data-element_type=\"column\" data-e-type=\"column\">\n\t\t\t<div class=\"elementor-widget-wrap elementor-element-populated\">\n\t\t\t\t\t\t<section class=\"elementor-section elementor-inner-section elementor-element elementor-element-19f07b0a elementor-section-boxed elementor-section-height-default elementor-section-height-default\" data-id=\"19f07b0a\" data-element_type=\"section\" data-e-type=\"section\">\n\t\t\t\t\t\t<div class=\"elementor-container elementor-column-gap-default\">\n\t\t\t\t\t<div class=\"elementor-column elementor-col-50 elementor-inner-column elementor-element elementor-element-64ff5627\" data-id=\"64ff5627\" data-element_type=\"column\" data-e-type=\"column\">\n\t\t\t<div class=\"elementor-widget-wrap elementor-element-populated\">\n\t\t\t\t\t\t<div class=\"elementor-element elementor-element-bd22150 elementor-widget elementor-widget-text-editor\" data-id=\"bd22150\" data-element_type=\"widget\" data-e-type=\"widget\" data-widget_type=\"text-editor.default\">\n\t\t\t\t<div class=\"elementor-widget-container\">\n\t\t\t\t\t\t\t\t\t<p><span style=\"font-weight: 400;\">Le Foyer-\u00e9cole et les \u00e9tiquettes Mabel\u2019s Labels<\/span><\/p><p><b>Vous pr\u00e9voyez acheter des \u00e9tiquettes? <\/b><span style=\"font-weight: 400;\">\u00a0<\/span><\/p><p><span style=\"font-weight: 400;\">Nous vous invitons \u00e0 les commander aupr\u00e8s de Mabel's Labels et \u00e0 contribuer \u00e0 amasser des fonds pour le Foyer-\u00e9cole \u00c9PB.<\/span><span style=\"font-weight: 400;\"><br \/><\/span><span style=\"font-weight: 400;\"><br \/><\/span><b>Comment commander?<\/b><span style=\"font-weight: 400;\"><br \/><\/span><span style=\"font-weight: 400;\">Nous faisons \u00e9quipe avec Mabel's Labels afin de recueillir des fonds pour notre \u00e9cole. Ainsi, Mabel\u2019s Labels fera don de\u00a0<\/span><b>20 % de toutes les ventes au Foyer-\u00e9cole<\/b><span style=\"font-weight: 400;\">.\u00a0<\/span><\/p><p><span style=\"font-weight: 400;\">Voici la marche \u00e0 suivre pour commander :<\/span><\/p><ol><li style=\"font-weight: 400;\"><span style=\"font-weight: 400;\">Visitez\u00a0<\/span><a href=\"https:\/\/yet.us18.list-manage.com\/track\/click?u=aa7c0a649475534e8b18a4524&amp;id=2b70256012&amp;e=3c4761a2e7\"><span style=\"font-weight: 400;\">www.mabelslabels.com<\/span><\/a><\/li><li style=\"font-weight: 400;\"><span style=\"font-weight: 400;\">S\u00e9lectionnez le bouton \"Supportez une lev\u00e9e de fonds\" dans la partie sup\u00e9rieure droite de l'\u00e9cran.<\/span><\/li><li style=\"font-weight: 400;\"><span style=\"font-weight: 400;\">S\u00e9lectionnez votre \u00e9cole : \"\u00c9cole Primaire Beaconsfield (\u00c9PB)\".<\/span><\/li><li style=\"font-weight: 400;\"><span style=\"font-weight: 400;\">Commencez \u00e0 magasiner!<\/span><\/li><li style=\"font-weight: 400;\"><span style=\"font-weight: 400;\">\u00c0 la caisse, assurez-vous qu\u2019\"\u00c9cole Primaire Beaconsfield (\u00c9PB)\" figure toujours en haut de votre \u00e9cran afin que votre commande soit enregistr\u00e9e afin de soutenir l'\u00e9cole.<\/span><\/li><\/ol>\t\t\t\t\t\t\t\t<\/div>\n\t\t\t\t<\/div>\n\t\t\t\t\t<\/div>\n\t\t<\/div>\n\t\t\t\t<div class=\"elementor-column elementor-col-50 elementor-inner-column elementor-element elementor-element-1cccca85\" data-id=\"1cccca85\" data-element_type=\"column\" data-e-type=\"column\">\n\t\t\t<div class=\"elementor-widget-wrap elementor-element-populated\">\n\t\t\t\t\t\t<div class=\"elementor-element elementor-element-7fe14d7c elementor-widget elementor-widget-image\" data-id=\"7fe14d7c\" data-element_type=\"widget\" data-e-type=\"widget\" data-widget_type=\"image.default\">\n\t\t\t\t<div class=\"elementor-widget-container\">\n\t\t\t\t\t\t\t\t\t\t\t\t\t\t\t<img fetchpriority=\"high\" decoding=\"async\" width=\"300\" height=\"200\" src=\"https:\/\/epbfoyerecole.com\/wp-content\/uploads\/2020\/08\/mabels-labels-300x200.png\" class=\"attachment-medium size-medium wp-image-135\" alt=\"\" srcset=\"https:\/\/epbfoyerecole.com\/wp-content\/uploads\/2020\/08\/mabels-labels-300x200.png 300w, https:\/\/epbfoyerecole.com\/wp-content\/uploads\/2020\/08\/mabels-labels.png 316w\" sizes=\"(max-width: 300px) 100vw, 300px\" \/>\t\t\t\t\t\t\t\t\t\t\t\t\t\t\t<\/div>\n\t\t\t\t<\/div>\n\t\t\t\t\t<\/div>\n\t\t<\/div>\n\t\t\t\t\t<\/div>\n\t\t<\/section>\n\t\t\t\t\t<\/div>\n\t\t<\/div>\n\t\t\t\t\t<\/div>\n\t\t<\/section>\n\t\t\t\t<\/div>","protected":false},"excerpt":{"rendered":"<p>Order labels for your school supplies and help support \u00c9PB! Are you planning on buying labels? \u00a0 We invite you to order them with Mabel\u2019s Labels and help raise money for the Foyer-\u00e9cole \u00c9PB. How\u00a0does it work?This year, we are teaming up with Mabel\u2019s Labels to fundraise for our school. Mabel\u2019s Labels will be\u00a0donating 20 &#8230; <a title=\"Mabel&#8217;s Labels\" class=\"read-more\" href=\"https:\/\/epbfoyerecole.com\/fr\/mabels-labels\/\" aria-label=\"Read more about Mabel&#8217;s Labels\">Continuer la lecture<\/a><\/p>","protected":false},"author":2,"featured_media":0,"parent":0,"menu_order":0,"comment_status":"closed","ping_status":"closed","template":"","meta":{"footnotes":""},"class_list":["post-133","page","type-page","status-publish"],"_links":{"self":[{"href":"https:\/\/epbfoyerecole.com\/fr\/wp-json\/wp\/v2\/pages\/133","targetHints":{"allow":["GET"]}}],"collection":[{"href":"https:\/\/epbfoyerecole.com\/fr\/wp-json\/wp\/v2\/pages"}],"about":[{"href":"https:\/\/epbfoyerecole.com\/fr\/wp-json\/wp\/v2\/types\/page"}],"author":[{"embeddable":true,"href":"https:\/\/epbfoyerecole.com\/fr\/wp-json\/wp\/v2\/users\/2"}],"replies":[{"embeddable":true,"href":"https:\/\/epbfoyerecole.com\/fr\/wp-json\/wp\/v2\/comments?post=133"}],"version-history":[{"count":5,"href":"https:\/\/epbfoyerecole.com\/fr\/wp-json\/wp\/v2\/pages\/133\/revisions"}],"predecessor-version":[{"id":536,"href":"https:\/\/epbfoyerecole.com\/fr\/wp-json\/wp\/v2\/pages\/133\/revisions\/536"}],"wp:attachment":[{"href":"https:\/\/epbfoyerecole.com\/fr\/wp-json\/wp\/v2\/media?parent=133"}],"curies":[{"name":"wp","href":"https:\/\/api.w.org\/{rel}","templated":true}]}}