{"id":126,"date":"2020-08-24T15:20:27","date_gmt":"2020-08-24T19:20:27","guid":{"rendered":"https:\/\/epbfoyerecole.com\/?page_id=126"},"modified":"2020-09-18T08:42:50","modified_gmt":"2020-09-18T12:42:50","slug":"fundraisers","status":"publish","type":"page","link":"https:\/\/epbfoyerecole.com\/fr\/fundraisers\/","title":{"rendered":"Lev\u00e9es de fonds et \u00e9v\u00e9nements"},"content":{"rendered":"<div data-elementor-type=\"wp-page\" data-elementor-id=\"126\" class=\"elementor elementor-126\">\n\t\t\t\t\t\t<section class=\"elementor-section elementor-top-section elementor-element elementor-element-40381d98 elementor-section-boxed elementor-section-height-default elementor-section-height-default\" data-id=\"40381d98\" data-element_type=\"section\" data-e-type=\"section\">\n\t\t\t\t\t\t<div class=\"elementor-container elementor-column-gap-default\">\n\t\t\t\t\t<div class=\"elementor-column elementor-col-100 elementor-top-column elementor-element elementor-element-1fe24798\" data-id=\"1fe24798\" data-element_type=\"column\" data-e-type=\"column\">\n\t\t\t<div class=\"elementor-widget-wrap elementor-element-populated\">\n\t\t\t\t\t\t<div class=\"elementor-element elementor-element-0f5091c elementor-widget elementor-widget-text-editor\" data-id=\"0f5091c\" data-element_type=\"widget\" data-e-type=\"widget\" data-widget_type=\"text-editor.default\">\n\t\t\t\t<div class=\"elementor-widget-container\">\n\t\t\t\t\t\t\t\t\t<p><span style=\"font-weight: 400;\">Tout au long de l\u2019ann\u00e9e, nous organisons plusieurs lev\u00e9es de fonds afin d\u2019enrichir la vie scolaire de nos enfants. Les fonds recueillis servent \u00e0 financer des projets sp\u00e9ciaux, activit\u00e9s, \u00e9quipements, livres et fournitures pour notre \u00e9cole.<\/span><\/p><p><span style=\"font-weight: 400;\">Nous organisons \u00e9galement des \u00e9v\u00e9nements sp\u00e9ciaux dans le but d\u2019enrichir l\u2019esprit scolaire et communautaire. Bien que ces \u00e9v\u00e9nements puissent \u00e9galement \u00eatre des collectes de fonds, leur but principal est de rassembler les familles de l\u2019EPB et d\u2019\u00e9tablir des relations durables en tant que communaut\u00e9.<\/span><\/p><p>Nous vous invitons \u00e0 <strong>cliquer sur les images ci-dessous<\/strong> pour en conna\u00eetre plus sur nos \u00e9v\u00e9nements et lev\u00e9es de fonds \u00e0 \u00c9PB!<\/p>\t\t\t\t\t\t\t\t<\/div>\n\t\t\t\t<\/div>\n\t\t\t\t\t<\/div>\n\t\t<\/div>\n\t\t\t\t\t<\/div>\n\t\t<\/section>\n\t\t\t\t<section class=\"elementor-section elementor-top-section elementor-element elementor-element-2babe429 elementor-section-boxed elementor-section-height-default elementor-section-height-default\" data-id=\"2babe429\" data-element_type=\"section\" data-e-type=\"section\">\n\t\t\t\t\t\t<div class=\"elementor-container elementor-column-gap-default\">\n\t\t\t\t\t<div class=\"elementor-column elementor-col-100 elementor-top-column elementor-element elementor-element-59bc7e3f\" data-id=\"59bc7e3f\" data-element_type=\"column\" data-e-type=\"column\">\n\t\t\t<div class=\"elementor-widget-wrap elementor-element-populated\">\n\t\t\t\t\t\t<section class=\"elementor-section elementor-inner-section elementor-element elementor-element-48de5720 elementor-section-boxed elementor-section-height-default elementor-section-height-default\" data-id=\"48de5720\" data-element_type=\"section\" data-e-type=\"section\">\n\t\t\t\t\t\t<div class=\"elementor-container elementor-column-gap-default\">\n\t\t\t\t\t<div class=\"elementor-column elementor-col-25 elementor-inner-column elementor-element elementor-element-1971eeea\" data-id=\"1971eeea\" data-element_type=\"column\" data-e-type=\"column\">\n\t\t\t<div class=\"elementor-widget-wrap elementor-element-populated\">\n\t\t\t\t\t\t<div class=\"elementor-element elementor-element-1e0a5c19 elementor-widget elementor-widget-image\" data-id=\"1e0a5c19\" data-element_type=\"widget\" data-e-type=\"widget\" data-widget_type=\"image.default\">\n\t\t\t\t<div class=\"elementor-widget-container\">\n\t\t\t\t\t\t\t\t\t\t\t\t\t\t\t\t<a href=\"https:\/\/epbfoyerecole.com\/fr\/mabels-labels\/\">\n\t\t\t\t\t\t\t<img fetchpriority=\"high\" decoding=\"async\" width=\"280\" height=\"180\" src=\"https:\/\/epbfoyerecole.com\/wp-content\/uploads\/2020\/08\/mabels.png\" class=\"attachment-medium_large size-medium_large wp-image-131\" alt=\"\" \/>\t\t\t\t\t\t\t\t<\/a>\n\t\t\t\t\t\t\t\t\t\t\t\t\t\t\t<\/div>\n\t\t\t\t<\/div>\n\t\t\t\t\t<\/div>\n\t\t<\/div>\n\t\t\t\t<div class=\"elementor-column elementor-col-25 elementor-inner-column elementor-element elementor-element-484c828c\" data-id=\"484c828c\" data-element_type=\"column\" data-e-type=\"column\">\n\t\t\t<div class=\"elementor-widget-wrap elementor-element-populated\">\n\t\t\t\t\t\t<div class=\"elementor-element elementor-element-41e527f6 elementor-widget elementor-widget-image\" data-id=\"41e527f6\" data-element_type=\"widget\" data-e-type=\"widget\" data-widget_type=\"image.default\">\n\t\t\t\t<div class=\"elementor-widget-container\">\n\t\t\t\t\t\t\t\t\t\t\t\t\t\t\t\t<a href=\"https:\/\/epbfoyerecole.com\/fr\/catered-meals\/\">\n\t\t\t\t\t\t\t<img decoding=\"async\" width=\"396\" height=\"178\" src=\"https:\/\/epbfoyerecole.com\/wp-content\/uploads\/2020\/08\/Merenda.jpg\" class=\"attachment-medium_large size-medium_large wp-image-162\" alt=\"\" srcset=\"https:\/\/epbfoyerecole.com\/wp-content\/uploads\/2020\/08\/Merenda.jpg 396w, https:\/\/epbfoyerecole.com\/wp-content\/uploads\/2020\/08\/Merenda-300x135.jpg 300w\" sizes=\"(max-width: 396px) 100vw, 396px\" \/>\t\t\t\t\t\t\t\t<\/a>\n\t\t\t\t\t\t\t\t\t\t\t\t\t\t\t<\/div>\n\t\t\t\t<\/div>\n\t\t\t\t\t<\/div>\n\t\t<\/div>\n\t\t\t\t<div class=\"elementor-column elementor-col-25 elementor-inner-column elementor-element elementor-element-64b55168\" data-id=\"64b55168\" data-element_type=\"column\" data-e-type=\"column\">\n\t\t\t<div class=\"elementor-widget-wrap elementor-element-populated\">\n\t\t\t\t\t\t<div class=\"elementor-element elementor-element-48c6c705 elementor-widget elementor-widget-image\" data-id=\"48c6c705\" data-element_type=\"widget\" data-e-type=\"widget\" data-widget_type=\"image.default\">\n\t\t\t\t<div class=\"elementor-widget-container\">\n\t\t\t\t\t\t\t\t\t\t\t\t\t\t\t\t<a href=\"https:\/\/epbfoyerecole.com\/fr\/lunchtime-enrichment-program\/\">\n\t\t\t\t\t\t\t<img decoding=\"async\" width=\"512\" height=\"155\" src=\"https:\/\/epbfoyerecole.com\/wp-content\/uploads\/2020\/08\/PEM.jpg\" class=\"attachment-medium_large size-medium_large wp-image-217\" alt=\"\" srcset=\"https:\/\/epbfoyerecole.com\/wp-content\/uploads\/2020\/08\/PEM.jpg 512w, https:\/\/epbfoyerecole.com\/wp-content\/uploads\/2020\/08\/PEM-300x91.jpg 300w\" sizes=\"(max-width: 512px) 100vw, 512px\" \/>\t\t\t\t\t\t\t\t<\/a>\n\t\t\t\t\t\t\t\t\t\t\t\t\t\t\t<\/div>\n\t\t\t\t<\/div>\n\t\t\t\t\t<\/div>\n\t\t<\/div>\n\t\t\t\t<div class=\"elementor-column elementor-col-25 elementor-inner-column elementor-element elementor-element-cc39d37\" data-id=\"cc39d37\" data-element_type=\"column\" data-e-type=\"column\">\n\t\t\t<div class=\"elementor-widget-wrap elementor-element-populated\">\n\t\t\t\t\t\t<div class=\"elementor-element elementor-element-65a19c7 elementor-widget elementor-widget-image\" data-id=\"65a19c7\" data-element_type=\"widget\" data-e-type=\"widget\" data-widget_type=\"image.default\">\n\t\t\t\t<div class=\"elementor-widget-container\">\n\t\t\t\t\t\t\t\t\t\t\t\t\t\t\t\t<a href=\"https:\/\/epbfoyerecole.com\/fr\/tcby\/\">\n\t\t\t\t\t\t\t<img loading=\"lazy\" decoding=\"async\" width=\"311\" height=\"162\" src=\"https:\/\/epbfoyerecole.com\/wp-content\/uploads\/2020\/08\/TCBY.png\" class=\"attachment-medium_large size-medium_large wp-image-175\" alt=\"\" srcset=\"https:\/\/epbfoyerecole.com\/wp-content\/uploads\/2020\/08\/TCBY.png 311w, https:\/\/epbfoyerecole.com\/wp-content\/uploads\/2020\/08\/TCBY-300x156.png 300w\" sizes=\"(max-width: 311px) 100vw, 311px\" \/>\t\t\t\t\t\t\t\t<\/a>\n\t\t\t\t\t\t\t\t\t\t\t\t\t\t\t<\/div>\n\t\t\t\t<\/div>\n\t\t\t\t\t<\/div>\n\t\t<\/div>\n\t\t\t\t\t<\/div>\n\t\t<\/section>\n\t\t\t\t<section class=\"elementor-section elementor-inner-section elementor-element elementor-element-c4f1927 elementor-section-boxed elementor-section-height-default elementor-section-height-default\" data-id=\"c4f1927\" data-element_type=\"section\" data-e-type=\"section\">\n\t\t\t\t\t\t<div class=\"elementor-container elementor-column-gap-default\">\n\t\t\t\t\t<div class=\"elementor-column elementor-col-25 elementor-inner-column elementor-element elementor-element-9f754fa\" data-id=\"9f754fa\" data-element_type=\"column\" data-e-type=\"column\">\n\t\t\t<div class=\"elementor-widget-wrap elementor-element-populated\">\n\t\t\t\t\t\t<div class=\"elementor-element elementor-element-f74b315 elementor-widget elementor-widget-image\" data-id=\"f74b315\" data-element_type=\"widget\" data-e-type=\"widget\" data-widget_type=\"image.default\">\n\t\t\t\t<div class=\"elementor-widget-container\">\n\t\t\t\t\t\t\t\t\t\t\t\t\t\t\t\t<a href=\"https:\/\/epbfoyerecole.com\/fr\/epb-merchandise\/\">\n\t\t\t\t\t\t\t<img loading=\"lazy\" decoding=\"async\" width=\"768\" height=\"568\" src=\"https:\/\/epbfoyerecole.com\/wp-content\/uploads\/2020\/09\/Marchandise-EPB-768x568.jpg\" class=\"attachment-medium_large size-medium_large wp-image-572\" alt=\"\" srcset=\"https:\/\/epbfoyerecole.com\/wp-content\/uploads\/2020\/09\/Marchandise-EPB-768x568.jpg 768w, https:\/\/epbfoyerecole.com\/wp-content\/uploads\/2020\/09\/Marchandise-EPB-300x222.jpg 300w, https:\/\/epbfoyerecole.com\/wp-content\/uploads\/2020\/09\/Marchandise-EPB-1024x758.jpg 1024w, https:\/\/epbfoyerecole.com\/wp-content\/uploads\/2020\/09\/Marchandise-EPB-1536x1137.jpg 1536w, https:\/\/epbfoyerecole.com\/wp-content\/uploads\/2020\/09\/Marchandise-EPB-2048x1515.jpg 2048w, https:\/\/epbfoyerecole.com\/wp-content\/uploads\/2020\/09\/Marchandise-EPB-24x18.jpg 24w, https:\/\/epbfoyerecole.com\/wp-content\/uploads\/2020\/09\/Marchandise-EPB-36x27.jpg 36w, https:\/\/epbfoyerecole.com\/wp-content\/uploads\/2020\/09\/Marchandise-EPB-48x36.jpg 48w, https:\/\/epbfoyerecole.com\/wp-content\/uploads\/2020\/09\/Marchandise-EPB-600x444.jpg 600w\" sizes=\"(max-width: 768px) 100vw, 768px\" \/>\t\t\t\t\t\t\t\t<\/a>\n\t\t\t\t\t\t\t\t\t\t\t\t\t\t\t<\/div>\n\t\t\t\t<\/div>\n\t\t\t\t\t<\/div>\n\t\t<\/div>\n\t\t\t\t<div class=\"elementor-column elementor-col-25 elementor-inner-column elementor-element elementor-element-f0ebed3\" data-id=\"f0ebed3\" data-element_type=\"column\" data-e-type=\"column\">\n\t\t\t<div class=\"elementor-widget-wrap elementor-element-populated\">\n\t\t\t\t\t\t<div class=\"elementor-element elementor-element-da2865b elementor-widget elementor-widget-image\" data-id=\"da2865b\" data-element_type=\"widget\" data-e-type=\"widget\" data-widget_type=\"image.default\">\n\t\t\t\t<div class=\"elementor-widget-container\">\n\t\t\t\t\t\t\t\t\t\t\t\t\t\t\t\t<a href=\"https:\/\/epbfoyerecole.com\/fr\/pizza-days\/\">\n\t\t\t\t\t\t\t<img loading=\"lazy\" decoding=\"async\" width=\"768\" height=\"687\" src=\"https:\/\/epbfoyerecole.com\/wp-content\/uploads\/2020\/09\/Pizza-Man--768x687.png\" class=\"attachment-medium_large size-medium_large wp-image-560\" alt=\"\" srcset=\"https:\/\/epbfoyerecole.com\/wp-content\/uploads\/2020\/09\/Pizza-Man--768x687.png 768w, https:\/\/epbfoyerecole.com\/wp-content\/uploads\/2020\/09\/Pizza-Man--300x268.png 300w, https:\/\/epbfoyerecole.com\/wp-content\/uploads\/2020\/09\/Pizza-Man--1024x916.png 1024w, https:\/\/epbfoyerecole.com\/wp-content\/uploads\/2020\/09\/Pizza-Man--1536x1374.png 1536w, https:\/\/epbfoyerecole.com\/wp-content\/uploads\/2020\/09\/Pizza-Man--2048x1832.png 2048w, https:\/\/epbfoyerecole.com\/wp-content\/uploads\/2020\/09\/Pizza-Man--24x21.png 24w, https:\/\/epbfoyerecole.com\/wp-content\/uploads\/2020\/09\/Pizza-Man--36x32.png 36w, https:\/\/epbfoyerecole.com\/wp-content\/uploads\/2020\/09\/Pizza-Man--48x43.png 48w, https:\/\/epbfoyerecole.com\/wp-content\/uploads\/2020\/09\/Pizza-Man--600x537.png 600w\" sizes=\"(max-width: 768px) 100vw, 768px\" \/>\t\t\t\t\t\t\t\t<\/a>\n\t\t\t\t\t\t\t\t\t\t\t\t\t\t\t<\/div>\n\t\t\t\t<\/div>\n\t\t\t\t\t<\/div>\n\t\t<\/div>\n\t\t\t\t<div class=\"elementor-column elementor-col-25 elementor-inner-column elementor-element elementor-element-c9d13bc\" data-id=\"c9d13bc\" data-element_type=\"column\" data-e-type=\"column\">\n\t\t\t<div class=\"elementor-widget-wrap elementor-element-populated\">\n\t\t\t\t\t\t<div class=\"elementor-element elementor-element-194e801 elementor-widget elementor-widget-image\" data-id=\"194e801\" data-element_type=\"widget\" data-e-type=\"widget\" data-widget_type=\"image.default\">\n\t\t\t\t<div class=\"elementor-widget-container\">\n\t\t\t\t\t\t\t\t\t\t\t\t\t\t\t\t<a href=\"https:\/\/epbfoyerecole.com\/fr\/pumpkin-sale\/\">\n\t\t\t\t\t\t\t<img loading=\"lazy\" decoding=\"async\" width=\"768\" height=\"646\" src=\"https:\/\/epbfoyerecole.com\/wp-content\/uploads\/2020\/09\/Pumpkin-logo-french-768x646.png\" class=\"attachment-medium_large size-medium_large wp-image-559\" alt=\"\" srcset=\"https:\/\/epbfoyerecole.com\/wp-content\/uploads\/2020\/09\/Pumpkin-logo-french-768x646.png 768w, https:\/\/epbfoyerecole.com\/wp-content\/uploads\/2020\/09\/Pumpkin-logo-french-300x252.png 300w, https:\/\/epbfoyerecole.com\/wp-content\/uploads\/2020\/09\/Pumpkin-logo-french-1024x861.png 1024w, https:\/\/epbfoyerecole.com\/wp-content\/uploads\/2020\/09\/Pumpkin-logo-french-24x20.png 24w, https:\/\/epbfoyerecole.com\/wp-content\/uploads\/2020\/09\/Pumpkin-logo-french-36x30.png 36w, https:\/\/epbfoyerecole.com\/wp-content\/uploads\/2020\/09\/Pumpkin-logo-french-48x40.png 48w, https:\/\/epbfoyerecole.com\/wp-content\/uploads\/2020\/09\/Pumpkin-logo-french-600x505.png 600w, https:\/\/epbfoyerecole.com\/wp-content\/uploads\/2020\/09\/Pumpkin-logo-french.png 1392w\" sizes=\"(max-width: 768px) 100vw, 768px\" \/>\t\t\t\t\t\t\t\t<\/a>\n\t\t\t\t\t\t\t\t\t\t\t\t\t\t\t<\/div>\n\t\t\t\t<\/div>\n\t\t\t\t\t<\/div>\n\t\t<\/div>\n\t\t\t\t<div class=\"elementor-column elementor-col-25 elementor-inner-column elementor-element elementor-element-9c0f549\" data-id=\"9c0f549\" data-element_type=\"column\" data-e-type=\"column\">\n\t\t\t<div class=\"elementor-widget-wrap elementor-element-populated\">\n\t\t\t\t\t\t<div class=\"elementor-element elementor-element-eb746ed elementor-widget elementor-widget-image\" data-id=\"eb746ed\" data-element_type=\"widget\" data-e-type=\"widget\" data-widget_type=\"image.default\">\n\t\t\t\t<div class=\"elementor-widget-container\">\n\t\t\t\t\t\t\t\t\t\t\t\t\t\t\t\t<a href=\"https:\/\/epbfoyerecole.com\/fr\/fete-des-neiges\/\">\n\t\t\t\t\t\t\t<img loading=\"lazy\" decoding=\"async\" width=\"768\" height=\"768\" src=\"https:\/\/epbfoyerecole.com\/wp-content\/uploads\/2020\/08\/Fete-des-neiges-logo-with-cloud-1-768x768.jpg\" class=\"attachment-medium_large size-medium_large wp-image-230\" alt=\"\" srcset=\"https:\/\/epbfoyerecole.com\/wp-content\/uploads\/2020\/08\/Fete-des-neiges-logo-with-cloud-1-768x768.jpg 768w, https:\/\/epbfoyerecole.com\/wp-content\/uploads\/2020\/08\/Fete-des-neiges-logo-with-cloud-1-300x300.jpg 300w, https:\/\/epbfoyerecole.com\/wp-content\/uploads\/2020\/08\/Fete-des-neiges-logo-with-cloud-1-100x100.jpg 100w, https:\/\/epbfoyerecole.com\/wp-content\/uploads\/2020\/08\/Fete-des-neiges-logo-with-cloud-1-600x600.jpg 600w, https:\/\/epbfoyerecole.com\/wp-content\/uploads\/2020\/08\/Fete-des-neiges-logo-with-cloud-1-1024x1024.jpg 1024w, https:\/\/epbfoyerecole.com\/wp-content\/uploads\/2020\/08\/Fete-des-neiges-logo-with-cloud-1-150x150.jpg 150w, https:\/\/epbfoyerecole.com\/wp-content\/uploads\/2020\/08\/Fete-des-neiges-logo-with-cloud-1-1536x1536.jpg 1536w, https:\/\/epbfoyerecole.com\/wp-content\/uploads\/2020\/08\/Fete-des-neiges-logo-with-cloud-1.jpg 1800w\" sizes=\"(max-width: 768px) 100vw, 768px\" \/>\t\t\t\t\t\t\t\t<\/a>\n\t\t\t\t\t\t\t\t\t\t\t\t\t\t\t<\/div>\n\t\t\t\t<\/div>\n\t\t\t\t\t<\/div>\n\t\t<\/div>\n\t\t\t\t\t<\/div>\n\t\t<\/section>\n\t\t\t\t<section class=\"elementor-section elementor-inner-section elementor-element elementor-element-5dd9d6a elementor-section-boxed elementor-section-height-default elementor-section-height-default\" data-id=\"5dd9d6a\" data-element_type=\"section\" data-e-type=\"section\">\n\t\t\t\t\t\t<div class=\"elementor-container elementor-column-gap-default\">\n\t\t\t\t\t<div class=\"elementor-column elementor-col-25 elementor-inner-column elementor-element elementor-element-b781daf\" data-id=\"b781daf\" data-element_type=\"column\" data-e-type=\"column\">\n\t\t\t<div class=\"elementor-widget-wrap elementor-element-populated\">\n\t\t\t\t\t\t<div class=\"elementor-element elementor-element-8316caa elementor-widget elementor-widget-image\" data-id=\"8316caa\" data-element_type=\"widget\" data-e-type=\"widget\" data-widget_type=\"image.default\">\n\t\t\t\t<div class=\"elementor-widget-container\">\n\t\t\t\t\t\t\t\t\t\t\t\t\t\t\t\t<a href=\"https:\/\/epbfoyerecole.com\/fr\/summer-fair\/\">\n\t\t\t\t\t\t\t<img loading=\"lazy\" decoding=\"async\" width=\"768\" height=\"448\" src=\"https:\/\/epbfoyerecole.com\/wp-content\/uploads\/2020\/09\/Mr-Sunnyside-01-768x448.jpg\" class=\"attachment-medium_large size-medium_large wp-image-496\" alt=\"\" srcset=\"https:\/\/epbfoyerecole.com\/wp-content\/uploads\/2020\/09\/Mr-Sunnyside-01-768x448.jpg 768w, https:\/\/epbfoyerecole.com\/wp-content\/uploads\/2020\/09\/Mr-Sunnyside-01-300x175.jpg 300w, https:\/\/epbfoyerecole.com\/wp-content\/uploads\/2020\/09\/Mr-Sunnyside-01-1024x597.jpg 1024w, https:\/\/epbfoyerecole.com\/wp-content\/uploads\/2020\/09\/Mr-Sunnyside-01-1536x896.jpg 1536w, https:\/\/epbfoyerecole.com\/wp-content\/uploads\/2020\/09\/Mr-Sunnyside-01-2048x1194.jpg 2048w, https:\/\/epbfoyerecole.com\/wp-content\/uploads\/2020\/09\/Mr-Sunnyside-01-24x14.jpg 24w, https:\/\/epbfoyerecole.com\/wp-content\/uploads\/2020\/09\/Mr-Sunnyside-01-36x21.jpg 36w, https:\/\/epbfoyerecole.com\/wp-content\/uploads\/2020\/09\/Mr-Sunnyside-01-48x28.jpg 48w, https:\/\/epbfoyerecole.com\/wp-content\/uploads\/2020\/09\/Mr-Sunnyside-01-600x350.jpg 600w\" sizes=\"(max-width: 768px) 100vw, 768px\" \/>\t\t\t\t\t\t\t\t<\/a>\n\t\t\t\t\t\t\t\t\t\t\t\t\t\t\t<\/div>\n\t\t\t\t<\/div>\n\t\t\t\t\t<\/div>\n\t\t<\/div>\n\t\t\t\t<div class=\"elementor-column elementor-col-25 elementor-inner-column elementor-element elementor-element-65ce345\" data-id=\"65ce345\" data-element_type=\"column\" data-e-type=\"column\">\n\t\t\t<div class=\"elementor-widget-wrap elementor-element-populated\">\n\t\t\t\t\t\t<div class=\"elementor-element elementor-element-daff187 elementor-widget elementor-widget-image\" data-id=\"daff187\" data-element_type=\"widget\" data-e-type=\"widget\" data-widget_type=\"image.default\">\n\t\t\t\t<div class=\"elementor-widget-container\">\n\t\t\t\t\t\t\t\t\t\t\t\t\t\t\t\t<a href=\"https:\/\/epbfoyerecole.com\/fr\/danse-a-thon\/\">\n\t\t\t\t\t\t\t<img loading=\"lazy\" decoding=\"async\" width=\"512\" height=\"336\" src=\"https:\/\/epbfoyerecole.com\/wp-content\/uploads\/2020\/08\/Danseothon.png\" class=\"attachment-medium_large size-medium_large wp-image-235\" alt=\"\" srcset=\"https:\/\/epbfoyerecole.com\/wp-content\/uploads\/2020\/08\/Danseothon.png 512w, https:\/\/epbfoyerecole.com\/wp-content\/uploads\/2020\/08\/Danseothon-300x197.png 300w\" sizes=\"(max-width: 512px) 100vw, 512px\" \/>\t\t\t\t\t\t\t\t<\/a>\n\t\t\t\t\t\t\t\t\t\t\t\t\t\t\t<\/div>\n\t\t\t\t<\/div>\n\t\t\t\t\t<\/div>\n\t\t<\/div>\n\t\t\t\t<div class=\"elementor-column elementor-col-25 elementor-inner-column elementor-element elementor-element-ea6a60a\" data-id=\"ea6a60a\" data-element_type=\"column\" data-e-type=\"column\">\n\t\t\t<div class=\"elementor-widget-wrap elementor-element-populated\">\n\t\t\t\t\t\t\t<\/div>\n\t\t<\/div>\n\t\t\t\t<div class=\"elementor-column elementor-col-25 elementor-inner-column elementor-element elementor-element-ea6178b\" data-id=\"ea6178b\" data-element_type=\"column\" data-e-type=\"column\">\n\t\t\t<div class=\"elementor-widget-wrap elementor-element-populated\">\n\t\t\t\t\t\t\t<\/div>\n\t\t<\/div>\n\t\t\t\t\t<\/div>\n\t\t<\/section>\n\t\t\t\t\t<\/div>\n\t\t<\/div>\n\t\t\t\t\t<\/div>\n\t\t<\/section>\n\t\t\t\t<\/div>","protected":false},"excerpt":{"rendered":"<p>Throughout the school year, we organize a wide range of fundraisers with all funds going back to the school to fund various activities, special projects, equipment, books and supplies to enrich the school environment for our children. We also organize special events with the aim of enriching school and community spirit. While these events can &#8230; <a title=\"Fundraisers &#038; Events\" class=\"read-more\" href=\"https:\/\/epbfoyerecole.com\/fr\/fundraisers\/\" aria-label=\"Read more about Fundraisers &#038; Events\">Continuer la lecture<\/a><\/p>","protected":false},"author":2,"featured_media":0,"parent":0,"menu_order":0,"comment_status":"closed","ping_status":"closed","template":"","meta":{"footnotes":""},"class_list":["post-126","page","type-page","status-publish"],"_links":{"self":[{"href":"https:\/\/epbfoyerecole.com\/fr\/wp-json\/wp\/v2\/pages\/126","targetHints":{"allow":["GET"]}}],"collection":[{"href":"https:\/\/epbfoyerecole.com\/fr\/wp-json\/wp\/v2\/pages"}],"about":[{"href":"https:\/\/epbfoyerecole.com\/fr\/wp-json\/wp\/v2\/types\/page"}],"author":[{"embeddable":true,"href":"https:\/\/epbfoyerecole.com\/fr\/wp-json\/wp\/v2\/users\/2"}],"replies":[{"embeddable":true,"href":"https:\/\/epbfoyerecole.com\/fr\/wp-json\/wp\/v2\/comments?post=126"}],"version-history":[{"count":29,"href":"https:\/\/epbfoyerecole.com\/fr\/wp-json\/wp\/v2\/pages\/126\/revisions"}],"predecessor-version":[{"id":573,"href":"https:\/\/epbfoyerecole.com\/fr\/wp-json\/wp\/v2\/pages\/126\/revisions\/573"}],"wp:attachment":[{"href":"https:\/\/epbfoyerecole.com\/fr\/wp-json\/wp\/v2\/media?parent=126"}],"curies":[{"name":"wp","href":"https:\/\/api.w.org\/{rel}","templated":true}]}}