{"id":111,"date":"2020-08-24T14:25:54","date_gmt":"2020-08-24T18:25:54","guid":{"rendered":"https:\/\/epbfoyerecole.com\/?page_id=111"},"modified":"2020-10-27T11:06:33","modified_gmt":"2020-10-27T15:06:33","slug":"about-us","status":"publish","type":"page","link":"https:\/\/epbfoyerecole.com\/fr\/about-us\/","title":{"rendered":"\u00c0 propos de nous"},"content":{"rendered":"<div data-elementor-type=\"wp-page\" data-elementor-id=\"111\" class=\"elementor elementor-111\">\n\t\t\t\t\t\t<section class=\"elementor-section elementor-top-section elementor-element elementor-element-7266d7fe elementor-section-boxed elementor-section-height-default elementor-section-height-default\" data-id=\"7266d7fe\" data-element_type=\"section\" data-e-type=\"section\">\n\t\t\t\t\t\t<div class=\"elementor-container elementor-column-gap-default\">\n\t\t\t\t\t<div class=\"elementor-column elementor-col-100 elementor-top-column elementor-element elementor-element-14d8a2bd\" data-id=\"14d8a2bd\" data-element_type=\"column\" data-e-type=\"column\">\n\t\t\t<div class=\"elementor-widget-wrap elementor-element-populated\">\n\t\t\t\t\t\t<section class=\"elementor-section elementor-inner-section elementor-element elementor-element-762c9829 elementor-section-boxed elementor-section-height-default elementor-section-height-default\" data-id=\"762c9829\" data-element_type=\"section\" data-e-type=\"section\">\n\t\t\t\t\t\t<div class=\"elementor-container elementor-column-gap-default\">\n\t\t\t\t\t<div class=\"elementor-column elementor-col-50 elementor-inner-column elementor-element elementor-element-5dea5d68\" data-id=\"5dea5d68\" data-element_type=\"column\" data-e-type=\"column\">\n\t\t\t<div class=\"elementor-widget-wrap elementor-element-populated\">\n\t\t\t\t\t\t<div class=\"elementor-element elementor-element-7cc37057 elementor-widget elementor-widget-text-editor\" data-id=\"7cc37057\" data-element_type=\"widget\" data-e-type=\"widget\" data-widget_type=\"text-editor.default\">\n\t\t\t\t<div class=\"elementor-widget-container\">\n\t\t\t\t\t\t\t\t\t<p><span style=\"font-weight: 400;\">L\u2019association Foyer-\u00e9cole \u00c9PB est une organisation ind\u00e9pendante \u00e0 but non-lucratif, d\u00e9di\u00e9e \u00e0 l\u2019enrichissement de la vie scolaire de nos enfants. Nous sommes enti\u00e8rement g\u00e9r\u00e9s par des parents b\u00e9n\u00e9voles, tous les parents sont les bienvenus!<\/span><\/p><p><span style=\"font-weight: 400;\">Nous sommes une entit\u00e9 distincte de \u00c9PB, mais nous travaillons en \u00e9troite collaboration avec la directrice, les enseignants et le personnel de l\u2019\u00e9cole.<\/span><\/p><p><span style=\"font-weight: 400;\">En tant que membres de la F\u00e9d\u00e9ration qu\u00e9b\u00e9coise des associations foyer-\u00e9cole (QFHSA), nous pouvons utiliser les fonds que nous amassons pour am\u00e9liorer l\u2019exp\u00e9rience \u00e9ducative, sociale, culturelle et physique des \u00e9l\u00e8ves d\u2019\u00c9PB.<\/span><\/p>\t\t\t\t\t\t\t\t<\/div>\n\t\t\t\t<\/div>\n\t\t\t\t\t<\/div>\n\t\t<\/div>\n\t\t\t\t<div class=\"elementor-column elementor-col-50 elementor-inner-column elementor-element elementor-element-64001ec\" data-id=\"64001ec\" data-element_type=\"column\" data-e-type=\"column\">\n\t\t\t<div class=\"elementor-widget-wrap elementor-element-populated\">\n\t\t\t\t\t\t<div class=\"elementor-element elementor-element-670a489e elementor-widget elementor-widget-image\" data-id=\"670a489e\" data-element_type=\"widget\" data-e-type=\"widget\" data-widget_type=\"image.default\">\n\t\t\t\t<div class=\"elementor-widget-container\">\n\t\t\t\t\t\t\t\t\t\t\t\t\t\t\t<img fetchpriority=\"high\" decoding=\"async\" width=\"297\" height=\"182\" src=\"https:\/\/epbfoyerecole.com\/wp-content\/uploads\/2020\/08\/back-packs.jpg\" class=\"attachment-medium size-medium wp-image-139\" alt=\"\" \/>\t\t\t\t\t\t\t\t\t\t\t\t\t\t\t<\/div>\n\t\t\t\t<\/div>\n\t\t\t\t\t<\/div>\n\t\t<\/div>\n\t\t\t\t\t<\/div>\n\t\t<\/section>\n\t\t\t\t\t<\/div>\n\t\t<\/div>\n\t\t\t\t\t<\/div>\n\t\t<\/section>\n\t\t\t\t<section class=\"elementor-section elementor-top-section elementor-element elementor-element-5d50b640 elementor-section-boxed elementor-section-height-default elementor-section-height-default\" data-id=\"5d50b640\" data-element_type=\"section\" data-e-type=\"section\">\n\t\t\t\t\t\t<div class=\"elementor-container elementor-column-gap-default\">\n\t\t\t\t\t<div class=\"elementor-column elementor-col-100 elementor-top-column elementor-element elementor-element-2ec02d9c\" data-id=\"2ec02d9c\" data-element_type=\"column\" data-e-type=\"column\">\n\t\t\t<div class=\"elementor-widget-wrap elementor-element-populated\">\n\t\t\t\t\t\t<section class=\"elementor-section elementor-inner-section elementor-element elementor-element-6289af3f elementor-section-boxed elementor-section-height-default elementor-section-height-default\" data-id=\"6289af3f\" data-element_type=\"section\" data-e-type=\"section\">\n\t\t\t\t\t\t<div class=\"elementor-container elementor-column-gap-default\">\n\t\t\t\t\t<div class=\"elementor-column elementor-col-50 elementor-inner-column elementor-element elementor-element-6133743f\" data-id=\"6133743f\" data-element_type=\"column\" data-e-type=\"column\">\n\t\t\t<div class=\"elementor-widget-wrap elementor-element-populated\">\n\t\t\t\t\t\t<div class=\"elementor-element elementor-element-2b6efa45 elementor-widget elementor-widget-text-editor\" data-id=\"2b6efa45\" data-element_type=\"widget\" data-e-type=\"widget\" data-widget_type=\"text-editor.default\">\n\t\t\t\t<div class=\"elementor-widget-container\">\n\t\t\t\t\t\t\t\t\t<p><b>Quelques projets r\u00e9cents r\u00e9alis\u00e9s<\/b><\/p><ul><li><span style=\"font-weight: 400;\">Livres et mat\u00e9riel \u00e9ducatif<\/span><\/li><li><span style=\"font-weight: 400;\">Chromebooks<\/span><\/li><li><span style=\"font-weight: 400;\">Jardin ext\u00e9rieur<\/span><\/li><li><span style=\"font-weight: 400;\">Jeux pour la cour d\u2019\u00e9cole<\/span><\/li><li><span style=\"font-weight: 400;\">Classes flexibles<\/span><\/li><li><span style=\"font-weight: 400;\">\u00c9quipement sportif et uniforme d\u2019\u00e9quipe<\/span><\/li><li><span style=\"font-weight: 400;\">Logo Les \u00c9clairs d\u2019EPB dans le gymnase<\/span><\/li><li><span style=\"font-weight: 400;\">Corridors actifs<\/span><\/li><li><span style=\"font-weight: 400;\">Instruments de musique<\/span><\/li><\/ul><p>\u00a0<\/p><p>Et beaucoup plus!<br \/><b><\/b><\/p>\t\t\t\t\t\t\t\t<\/div>\n\t\t\t\t<\/div>\n\t\t\t\t\t<\/div>\n\t\t<\/div>\n\t\t\t\t<div class=\"elementor-column elementor-col-50 elementor-inner-column elementor-element elementor-element-7713fc42\" data-id=\"7713fc42\" data-element_type=\"column\" data-e-type=\"column\">\n\t\t\t<div class=\"elementor-widget-wrap elementor-element-populated\">\n\t\t\t\t\t\t<div class=\"elementor-element elementor-element-1ed08b10 elementor-widget elementor-widget-text-editor\" data-id=\"1ed08b10\" data-element_type=\"widget\" data-e-type=\"widget\" data-widget_type=\"text-editor.default\">\n\t\t\t\t<div class=\"elementor-widget-container\">\n\t\t\t\t\t\t\t\t\t<p><b>Nos \u00e9v\u00e8nements et lev\u00e9es de fonds:<\/b><\/p><ul><li style=\"font-weight: 400;\"><span style=\"font-weight: 400;\">Journ\u00e9es pizza<\/span><\/li><li style=\"font-weight: 400;\"><span style=\"font-weight: 400;\">TCBY<\/span><\/li><li style=\"font-weight: 400;\"><span style=\"font-weight: 400;\">Repas du traiteur<\/span><\/li><li style=\"font-weight: 400;\"><span style=\"font-weight: 400;\">Programme d\u2019enrichissement du midi (PEM)\u00a0<\/span><\/li><li style=\"font-weight: 400;\"><span style=\"font-weight: 400;\">Mabel\u2019s Labels<\/span><\/li><li style=\"font-weight: 400;\"><span style=\"font-weight: 400;\">Danse-o-thon<\/span><\/li><li style=\"font-weight: 400;\"><span style=\"font-weight: 400;\">Appr\u00e9ciation des enseignants<\/span><\/li><li style=\"font-weight: 400;\"><span style=\"font-weight: 400;\">Vente de citrouilles<\/span><\/li><li style=\"font-weight: 400;\"><span style=\"font-weight: 400;\">F\u00eate des neiges<\/span><\/li><li style=\"font-weight: 400;\"><span style=\"font-weight: 400;\">Programme de r\u00e9ussite<\/span><\/li><li style=\"font-weight: 400;\"><span style=\"font-weight: 400;\">Foire d'\u00e9t\u00e9<\/span><\/li><li>Vente de chandails \u00c9PB<\/li><\/ul>\t\t\t\t\t\t\t\t<\/div>\n\t\t\t\t<\/div>\n\t\t\t\t\t<\/div>\n\t\t<\/div>\n\t\t\t\t\t<\/div>\n\t\t<\/section>\n\t\t\t\t\t<\/div>\n\t\t<\/div>\n\t\t\t\t\t<\/div>\n\t\t<\/section>\n\t\t\t\t<section class=\"elementor-section elementor-top-section elementor-element elementor-element-71fcd31d elementor-section-boxed elementor-section-height-default elementor-section-height-default\" data-id=\"71fcd31d\" data-element_type=\"section\" data-e-type=\"section\">\n\t\t\t\t\t\t<div class=\"elementor-container elementor-column-gap-default\">\n\t\t\t\t\t<div class=\"elementor-column elementor-col-100 elementor-top-column elementor-element elementor-element-7924425c\" data-id=\"7924425c\" data-element_type=\"column\" data-e-type=\"column\">\n\t\t\t<div class=\"elementor-widget-wrap elementor-element-populated\">\n\t\t\t\t\t\t<div class=\"elementor-element elementor-element-797bc718 elementor-arrows-position-inside elementor-pagination-position-outside elementor-widget elementor-widget-image-carousel\" data-id=\"797bc718\" data-element_type=\"widget\" data-e-type=\"widget\" data-settings=\"{&quot;navigation&quot;:&quot;both&quot;,&quot;autoplay&quot;:&quot;yes&quot;,&quot;pause_on_hover&quot;:&quot;yes&quot;,&quot;pause_on_interaction&quot;:&quot;yes&quot;,&quot;autoplay_speed&quot;:5000,&quot;infinite&quot;:&quot;yes&quot;,&quot;speed&quot;:500}\" data-widget_type=\"image-carousel.default\">\n\t\t\t\t<div class=\"elementor-widget-container\">\n\t\t\t\t\t\t\t<div class=\"elementor-image-carousel-wrapper swiper\" role=\"region\" aria-roledescription=\"carousel\" aria-label=\"Image Carousel\" dir=\"ltr\">\n\t\t\t<div class=\"elementor-image-carousel swiper-wrapper swiper-image-stretch\" aria-live=\"off\">\n\t\t\t\t\t\t\t\t<div class=\"swiper-slide\" role=\"group\" aria-roledescription=\"slide\" aria-label=\"1 of 9\"><figure class=\"swiper-slide-inner\"><img decoding=\"async\" class=\"swiper-slide-image\" src=\"https:\/\/epbfoyerecole.com\/wp-content\/uploads\/2020\/08\/Foire-2-300x225.png\" alt=\"Foire 2\" \/><\/figure><\/div><div class=\"swiper-slide\" role=\"group\" aria-roledescription=\"slide\" aria-label=\"2 of 9\"><figure class=\"swiper-slide-inner\"><img decoding=\"async\" class=\"swiper-slide-image\" src=\"https:\/\/epbfoyerecole.com\/wp-content\/uploads\/2020\/08\/Foire-300x225.png\" alt=\"Foire\" \/><\/figure><\/div><div class=\"swiper-slide\" role=\"group\" aria-roledescription=\"slide\" aria-label=\"3 of 9\"><figure class=\"swiper-slide-inner\"><img decoding=\"async\" class=\"swiper-slide-image\" src=\"https:\/\/epbfoyerecole.com\/wp-content\/uploads\/2020\/08\/FullSizeRender-scaled-e1598300807927-300x225.jpeg\" alt=\"FullSizeRender\" \/><\/figure><\/div><div class=\"swiper-slide\" role=\"group\" aria-roledescription=\"slide\" aria-label=\"4 of 9\"><figure class=\"swiper-slide-inner\"><img decoding=\"async\" class=\"swiper-slide-image\" src=\"https:\/\/epbfoyerecole.com\/wp-content\/uploads\/2020\/10\/IMG_1024-300x225.jpg\" alt=\"IMG_1024\" \/><\/figure><\/div><div class=\"swiper-slide\" role=\"group\" aria-roledescription=\"slide\" aria-label=\"5 of 9\"><figure class=\"swiper-slide-inner\"><img decoding=\"async\" class=\"swiper-slide-image\" src=\"https:\/\/epbfoyerecole.com\/wp-content\/uploads\/2020\/08\/IMG_3329_resized-300x225.jpg\" alt=\"IMG_3329_resized\" \/><\/figure><\/div><div class=\"swiper-slide\" role=\"group\" aria-roledescription=\"slide\" aria-label=\"6 of 9\"><figure class=\"swiper-slide-inner\"><img decoding=\"async\" class=\"swiper-slide-image\" src=\"https:\/\/epbfoyerecole.com\/wp-content\/uploads\/2020\/08\/Dance-o-thon-Smoothies-Party-300x225.jpg\" alt=\"Dance-o-thon - Smoothies Party\" \/><\/figure><\/div><div class=\"swiper-slide\" role=\"group\" aria-roledescription=\"slide\" aria-label=\"7 of 9\"><figure class=\"swiper-slide-inner\"><img decoding=\"async\" class=\"swiper-slide-image\" src=\"https:\/\/epbfoyerecole.com\/wp-content\/uploads\/2020\/08\/IMG_2849-2-300x225.jpeg\" alt=\"IMG_2849\" \/><\/figure><\/div><div class=\"swiper-slide\" role=\"group\" aria-roledescription=\"slide\" aria-label=\"8 of 9\"><figure class=\"swiper-slide-inner\"><img decoding=\"async\" class=\"swiper-slide-image\" src=\"https:\/\/epbfoyerecole.com\/wp-content\/uploads\/2020\/08\/Pumpkin-Sale-Bake2-300x225.jpg\" alt=\"Pumpkin Sale Bake2\" \/><\/figure><\/div><div class=\"swiper-slide\" role=\"group\" aria-roledescription=\"slide\" aria-label=\"9 of 9\"><figure class=\"swiper-slide-inner\"><img decoding=\"async\" class=\"swiper-slide-image\" src=\"https:\/\/epbfoyerecole.com\/wp-content\/uploads\/2020\/08\/chalk-the-walk-300x225.jpg\" alt=\"chalk the walk\" \/><\/figure><\/div>\t\t\t<\/div>\n\t\t\t\t\t\t\t\t\t\t\t\t<div class=\"elementor-swiper-button elementor-swiper-button-prev\" role=\"button\" tabindex=\"0\">\n\t\t\t\t\t\t<i aria-hidden=\"true\" class=\"eicon-chevron-left\"><\/i>\t\t\t\t\t<\/div>\n\t\t\t\t\t<div class=\"elementor-swiper-button elementor-swiper-button-next\" role=\"button\" tabindex=\"0\">\n\t\t\t\t\t\t<i aria-hidden=\"true\" class=\"eicon-chevron-right\"><\/i>\t\t\t\t\t<\/div>\n\t\t\t\t\n\t\t\t\t\t\t\t\t\t<div class=\"swiper-pagination\"><\/div>\n\t\t\t\t\t\t\t\t\t<\/div>\n\t\t\t\t\t\t<\/div>\n\t\t\t\t<\/div>\n\t\t\t\t\t<\/div>\n\t\t<\/div>\n\t\t\t\t\t<\/div>\n\t\t<\/section>\n\t\t\t\t<\/div>","protected":false},"excerpt":{"rendered":"<p>The \u00c9PB Home &amp; School Association is an independent, not-for-profit volunteer organization dedicated to enriching the school environment for our children. We are parent-run and open to all parents! We are a separate entity from \u00c9PB but we work closely with the principal, teachers and staff at the school. As members of the Quebec Federation &#8230; <a title=\"\u00c0 propos de nous\" class=\"read-more\" href=\"https:\/\/epbfoyerecole.com\/fr\/about-us\/\" aria-label=\"Read more about About Us\">Continuer la lecture<\/a><\/p>","protected":false},"author":2,"featured_media":0,"parent":0,"menu_order":0,"comment_status":"closed","ping_status":"closed","template":"","meta":{"footnotes":""},"class_list":["post-111","page","type-page","status-publish"],"_links":{"self":[{"href":"https:\/\/epbfoyerecole.com\/fr\/wp-json\/wp\/v2\/pages\/111","targetHints":{"allow":["GET"]}}],"collection":[{"href":"https:\/\/epbfoyerecole.com\/fr\/wp-json\/wp\/v2\/pages"}],"about":[{"href":"https:\/\/epbfoyerecole.com\/fr\/wp-json\/wp\/v2\/types\/page"}],"author":[{"embeddable":true,"href":"https:\/\/epbfoyerecole.com\/fr\/wp-json\/wp\/v2\/users\/2"}],"replies":[{"embeddable":true,"href":"https:\/\/epbfoyerecole.com\/fr\/wp-json\/wp\/v2\/comments?post=111"}],"version-history":[{"count":32,"href":"https:\/\/epbfoyerecole.com\/fr\/wp-json\/wp\/v2\/pages\/111\/revisions"}],"predecessor-version":[{"id":847,"href":"https:\/\/epbfoyerecole.com\/fr\/wp-json\/wp\/v2\/pages\/111\/revisions\/847"}],"wp:attachment":[{"href":"https:\/\/epbfoyerecole.com\/fr\/wp-json\/wp\/v2\/media?parent=111"}],"curies":[{"name":"wp","href":"https:\/\/api.w.org\/{rel}","templated":true}]}}